{"id":8,"date":"2014-10-24T10:31:13","date_gmt":"2014-10-24T08:31:13","guid":{"rendered":"http:\/\/www.animaliliberi.org\/site\/?page_id=8"},"modified":"2021-01-16T17:00:24","modified_gmt":"2021-01-16T16:00:24","slug":"presentazione-del-progetto","status":"publish","type":"page","link":"https:\/\/www.animaliliberi.org\/site\/presentazione-del-progetto\/","title":{"rendered":"Presentazione del progetto"},"content":{"rendered":"<p>La <strong>Rete dei Santuari di Animali Liberi in Italia <\/strong>\u00e8<strong>\u00a0<\/strong>un&#8217;aggregazione di progetti che si riconoscono essere molto vicini nel loro percorso e che hanno come obiettivo comune quello di contribuire ad un miglioramento dell&#8217;attuale relazione tra noi animali umani e tutti gli altri.<\/p>\n<p>Gi\u00e0 da tantissimi anni l&#8217;uomo purtroppo si \u00e8 auto elevato ad un gradino superiore a tutto il resto dell&#8217;abitato del pianeta, ponendosi cos\u00ec in maniera violenta e mettendo al proprio servizio ogni soggetto e ogni cosa conosciuta, manipolandoli in base alle proprie (false) esigenze.<\/p>\n<p>I pessimi risultati di questo comportamento sono ormai evidenti in ogni angolo del pianeta e fortunatamente sempre pi\u00f9 persone stanno cambiando rotta, puntando dritti verso una scelta di vita nonviolenta e di profondo rispetto verso la natura.<\/p>\n<p>In questo sito potrai trovare tutti quei progetti che nel loro impegno di \u201criconversione\u201d, hanno sviluppato e migliorato la relazione umano-altri animali, creando nello specifico dei luoghi di rifugio per molti soggetti senza una casa.<\/p>\n<p>Per ottimizzare il proprio operato e per raggiungere meglio tutti gli obiettivi comuni, a fine 2014 nasce la <strong>Rete dei Santuari di Animali Liberi in Italia<\/strong>, creando cos\u00ec un ambiente di divulgazione, di collaborazione e di cambiamento.<\/p>\n<p>Sostienici e facci conoscere a pi\u00f9 persone possibili!<\/p>\n","protected":false},"excerpt":{"rendered":"<p>La Rete dei Santuari di Animali Liberi in Italia \u00e8\u00a0un&#8217;aggregazione di progetti che si riconoscono essere molto vicini nel loro percorso e che hanno come obiettivo comune quello di contribuire ad un miglioramento dell&#8217;attuale relazione tra noi animali umani e tutti gli altri. Gi\u00e0 da tantissimi anni l&#8217;uomo purtroppo si \u00e8 auto elevato ad un gradino superiore a tutto il resto dell&#8217;abitato del pianeta, ponendosi cos\u00ec in maniera violenta e mettendo al proprio servizio ogni soggetto e ogni cosa conosciuta, manipolandoli in base alle proprie (false) esigenze. I pessimi risultati di questo comportamento sono ormai evidenti in ogni angolo del pianeta e fortunatamente sempre pi\u00f9 persone stanno cambiando rotta, puntando dritti verso una scelta di vita nonviolenta e di profondo rispetto verso la natura. In questo sito potrai trovare tutti quei progetti che nel loro impegno di \u201criconversione\u201d, hanno sviluppato e migliorato la relazione umano-altri animali, creando nello specifico dei luoghi di rifugio per molti soggetti senza una casa. Per ottimizzare il proprio operato e per raggiungere meglio tutti gli obiettivi comuni, a fine 2014 nasce la Rete dei Santuari di Animali Liberi in Italia, creando cos\u00ec un ambiente di divulgazione, di collaborazione e di cambiamento. Sostienici e facci conoscere a pi\u00f9 persone possibili!<\/p>\n","protected":false},"author":1,"featured_media":632,"parent":0,"menu_order":1,"comment_status":"closed","ping_status":"open","template":"","meta":{"footnotes":""},"class_list":["post-8","page","type-page","status-publish","has-post-thumbnail","hentry"],"yoast_head":"<!-- This site is optimized with the Yoast SEO plugin v27.4 - https:\/\/yoast.com\/product\/yoast-seo-wordpress\/ -->\n<title>Presentazione del progetto - Rete dei Santuari di Animali Liberi in Italia<\/title>\n<meta name=\"robots\" content=\"index, follow, max-snippet:-1, max-image-preview:large, max-video-preview:-1\" \/>\n<link rel=\"canonical\" href=\"https:\/\/www.animaliliberi.org\/site\/presentazione-del-progetto\/\" \/>\n<meta property=\"og:locale\" content=\"it_IT\" \/>\n<meta property=\"og:type\" content=\"article\" \/>\n<meta property=\"og:title\" content=\"Presentazione del progetto - Rete dei Santuari di Animali Liberi in Italia\" \/>\n<meta property=\"og:description\" content=\"La Rete dei Santuari di Animali Liberi in Italia \u00e8\u00a0un&#8217;aggregazione di progetti che si riconoscono essere molto vicini nel loro percorso e che hanno come obiettivo comune quello di contribuire ad un miglioramento dell&#8217;attuale relazione tra noi animali umani e tutti gli altri. Gi\u00e0 da tantissimi anni l&#8217;uomo purtroppo si \u00e8 auto elevato ad un gradino superiore a tutto il resto dell&#8217;abitato del pianeta, ponendosi cos\u00ec in maniera violenta e mettendo al proprio servizio ogni soggetto e ogni cosa conosciuta, manipolandoli in base alle proprie (false) esigenze. I pessimi risultati di questo comportamento sono ormai evidenti in ogni angolo del pianeta e fortunatamente sempre pi\u00f9 persone stanno cambiando rotta, puntando dritti verso una scelta di vita nonviolenta e di profondo rispetto verso la natura. In questo sito potrai trovare tutti quei progetti che nel loro impegno di \u201criconversione\u201d, hanno sviluppato e migliorato la relazione umano-altri animali, creando nello specifico dei luoghi di rifugio per molti soggetti senza una casa. Per ottimizzare il proprio operato e per raggiungere meglio tutti gli obiettivi comuni, a fine 2014 nasce la Rete dei Santuari di Animali Liberi in Italia, creando cos\u00ec un ambiente di divulgazione, di collaborazione e di cambiamento. Sostienici e facci conoscere a pi\u00f9 persone possibili!\" \/>\n<meta property=\"og:url\" content=\"https:\/\/www.animaliliberi.org\/site\/presentazione-del-progetto\/\" \/>\n<meta property=\"og:site_name\" content=\"Rete dei Santuari di Animali Liberi in Italia\" \/>\n<meta property=\"article:modified_time\" content=\"2021-01-16T16:00:24+00:00\" \/>\n<meta property=\"og:image\" content=\"https:\/\/www.animaliliberi.org\/site\/wp-content\/uploads\/2020\/10\/logo_transparent_background-e1603472519657.png\" \/>\n\t<meta property=\"og:image:width\" content=\"960\" \/>\n\t<meta property=\"og:image:height\" content=\"283\" \/>\n\t<meta property=\"og:image:type\" content=\"image\/png\" \/>\n<meta name=\"twitter:label1\" content=\"Tempo di lettura stimato\" \/>\n\t<meta name=\"twitter:data1\" content=\"1 minuto\" \/>\n<script type=\"application\/ld+json\" class=\"yoast-schema-graph\">{\"@context\":\"https:\\\/\\\/schema.org\",\"@graph\":[{\"@type\":\"WebPage\",\"@id\":\"https:\\\/\\\/www.animaliliberi.org\\\/site\\\/presentazione-del-progetto\\\/\",\"url\":\"https:\\\/\\\/www.animaliliberi.org\\\/site\\\/presentazione-del-progetto\\\/\",\"name\":\"Presentazione del progetto - Rete dei Santuari di Animali Liberi in Italia\",\"isPartOf\":{\"@id\":\"https:\\\/\\\/www.animaliliberi.org\\\/site\\\/#website\"},\"primaryImageOfPage\":{\"@id\":\"https:\\\/\\\/www.animaliliberi.org\\\/site\\\/presentazione-del-progetto\\\/#primaryimage\"},\"image\":{\"@id\":\"https:\\\/\\\/www.animaliliberi.org\\\/site\\\/presentazione-del-progetto\\\/#primaryimage\"},\"thumbnailUrl\":\"https:\\\/\\\/www.animaliliberi.org\\\/site\\\/wp-content\\\/uploads\\\/2020\\\/10\\\/logo_transparent_background-e1603472519657.png\",\"datePublished\":\"2014-10-24T08:31:13+00:00\",\"dateModified\":\"2021-01-16T16:00:24+00:00\",\"breadcrumb\":{\"@id\":\"https:\\\/\\\/www.animaliliberi.org\\\/site\\\/presentazione-del-progetto\\\/#breadcrumb\"},\"inLanguage\":\"it-IT\",\"potentialAction\":[{\"@type\":\"ReadAction\",\"target\":[\"https:\\\/\\\/www.animaliliberi.org\\\/site\\\/presentazione-del-progetto\\\/\"]}]},{\"@type\":\"ImageObject\",\"inLanguage\":\"it-IT\",\"@id\":\"https:\\\/\\\/www.animaliliberi.org\\\/site\\\/presentazione-del-progetto\\\/#primaryimage\",\"url\":\"https:\\\/\\\/www.animaliliberi.org\\\/site\\\/wp-content\\\/uploads\\\/2020\\\/10\\\/logo_transparent_background-e1603472519657.png\",\"contentUrl\":\"https:\\\/\\\/www.animaliliberi.org\\\/site\\\/wp-content\\\/uploads\\\/2020\\\/10\\\/logo_transparent_background-e1603472519657.png\",\"width\":960,\"height\":283},{\"@type\":\"BreadcrumbList\",\"@id\":\"https:\\\/\\\/www.animaliliberi.org\\\/site\\\/presentazione-del-progetto\\\/#breadcrumb\",\"itemListElement\":[{\"@type\":\"ListItem\",\"position\":1,\"name\":\"Home\",\"item\":\"https:\\\/\\\/www.animaliliberi.org\\\/site\\\/\"},{\"@type\":\"ListItem\",\"position\":2,\"name\":\"Presentazione del progetto\"}]},{\"@type\":\"WebSite\",\"@id\":\"https:\\\/\\\/www.animaliliberi.org\\\/site\\\/#website\",\"url\":\"https:\\\/\\\/www.animaliliberi.org\\\/site\\\/\",\"name\":\"Rete dei Santuari di Animali Liberi in Italia\",\"description\":\"\",\"potentialAction\":[{\"@type\":\"SearchAction\",\"target\":{\"@type\":\"EntryPoint\",\"urlTemplate\":\"https:\\\/\\\/www.animaliliberi.org\\\/site\\\/?s={search_term_string}\"},\"query-input\":{\"@type\":\"PropertyValueSpecification\",\"valueRequired\":true,\"valueName\":\"search_term_string\"}}],\"inLanguage\":\"it-IT\"}]}<\/script>\n<!-- \/ Yoast SEO plugin. -->","yoast_head_json":{"title":"Presentazione del progetto - Rete dei Santuari di Animali Liberi in Italia","robots":{"index":"index","follow":"follow","max-snippet":"max-snippet:-1","max-image-preview":"max-image-preview:large","max-video-preview":"max-video-preview:-1"},"canonical":"https:\/\/www.animaliliberi.org\/site\/presentazione-del-progetto\/","og_locale":"it_IT","og_type":"article","og_title":"Presentazione del progetto - Rete dei Santuari di Animali Liberi in Italia","og_description":"La Rete dei Santuari di Animali Liberi in Italia \u00e8\u00a0un&#8217;aggregazione di progetti che si riconoscono essere molto vicini nel loro percorso e che hanno come obiettivo comune quello di contribuire ad un miglioramento dell&#8217;attuale relazione tra noi animali umani e tutti gli altri. Gi\u00e0 da tantissimi anni l&#8217;uomo purtroppo si \u00e8 auto elevato ad un gradino superiore a tutto il resto dell&#8217;abitato del pianeta, ponendosi cos\u00ec in maniera violenta e mettendo al proprio servizio ogni soggetto e ogni cosa conosciuta, manipolandoli in base alle proprie (false) esigenze. I pessimi risultati di questo comportamento sono ormai evidenti in ogni angolo del pianeta e fortunatamente sempre pi\u00f9 persone stanno cambiando rotta, puntando dritti verso una scelta di vita nonviolenta e di profondo rispetto verso la natura. In questo sito potrai trovare tutti quei progetti che nel loro impegno di \u201criconversione\u201d, hanno sviluppato e migliorato la relazione umano-altri animali, creando nello specifico dei luoghi di rifugio per molti soggetti senza una casa. Per ottimizzare il proprio operato e per raggiungere meglio tutti gli obiettivi comuni, a fine 2014 nasce la Rete dei Santuari di Animali Liberi in Italia, creando cos\u00ec un ambiente di divulgazione, di collaborazione e di cambiamento. Sostienici e facci conoscere a pi\u00f9 persone possibili!","og_url":"https:\/\/www.animaliliberi.org\/site\/presentazione-del-progetto\/","og_site_name":"Rete dei Santuari di Animali Liberi in Italia","article_modified_time":"2021-01-16T16:00:24+00:00","og_image":[{"width":960,"height":283,"url":"https:\/\/www.animaliliberi.org\/site\/wp-content\/uploads\/2020\/10\/logo_transparent_background-e1603472519657.png","type":"image\/png"}],"twitter_misc":{"Tempo di lettura stimato":"1 minuto"},"schema":{"@context":"https:\/\/schema.org","@graph":[{"@type":"WebPage","@id":"https:\/\/www.animaliliberi.org\/site\/presentazione-del-progetto\/","url":"https:\/\/www.animaliliberi.org\/site\/presentazione-del-progetto\/","name":"Presentazione del progetto - Rete dei Santuari di Animali Liberi in Italia","isPartOf":{"@id":"https:\/\/www.animaliliberi.org\/site\/#website"},"primaryImageOfPage":{"@id":"https:\/\/www.animaliliberi.org\/site\/presentazione-del-progetto\/#primaryimage"},"image":{"@id":"https:\/\/www.animaliliberi.org\/site\/presentazione-del-progetto\/#primaryimage"},"thumbnailUrl":"https:\/\/www.animaliliberi.org\/site\/wp-content\/uploads\/2020\/10\/logo_transparent_background-e1603472519657.png","datePublished":"2014-10-24T08:31:13+00:00","dateModified":"2021-01-16T16:00:24+00:00","breadcrumb":{"@id":"https:\/\/www.animaliliberi.org\/site\/presentazione-del-progetto\/#breadcrumb"},"inLanguage":"it-IT","potentialAction":[{"@type":"ReadAction","target":["https:\/\/www.animaliliberi.org\/site\/presentazione-del-progetto\/"]}]},{"@type":"ImageObject","inLanguage":"it-IT","@id":"https:\/\/www.animaliliberi.org\/site\/presentazione-del-progetto\/#primaryimage","url":"https:\/\/www.animaliliberi.org\/site\/wp-content\/uploads\/2020\/10\/logo_transparent_background-e1603472519657.png","contentUrl":"https:\/\/www.animaliliberi.org\/site\/wp-content\/uploads\/2020\/10\/logo_transparent_background-e1603472519657.png","width":960,"height":283},{"@type":"BreadcrumbList","@id":"https:\/\/www.animaliliberi.org\/site\/presentazione-del-progetto\/#breadcrumb","itemListElement":[{"@type":"ListItem","position":1,"name":"Home","item":"https:\/\/www.animaliliberi.org\/site\/"},{"@type":"ListItem","position":2,"name":"Presentazione del progetto"}]},{"@type":"WebSite","@id":"https:\/\/www.animaliliberi.org\/site\/#website","url":"https:\/\/www.animaliliberi.org\/site\/","name":"Rete dei Santuari di Animali Liberi in Italia","description":"","potentialAction":[{"@type":"SearchAction","target":{"@type":"EntryPoint","urlTemplate":"https:\/\/www.animaliliberi.org\/site\/?s={search_term_string}"},"query-input":{"@type":"PropertyValueSpecification","valueRequired":true,"valueName":"search_term_string"}}],"inLanguage":"it-IT"}]}},"_links":{"self":[{"href":"https:\/\/www.animaliliberi.org\/site\/wp-json\/wp\/v2\/pages\/8","targetHints":{"allow":["GET"]}}],"collection":[{"href":"https:\/\/www.animaliliberi.org\/site\/wp-json\/wp\/v2\/pages"}],"about":[{"href":"https:\/\/www.animaliliberi.org\/site\/wp-json\/wp\/v2\/types\/page"}],"author":[{"embeddable":true,"href":"https:\/\/www.animaliliberi.org\/site\/wp-json\/wp\/v2\/users\/1"}],"replies":[{"embeddable":true,"href":"https:\/\/www.animaliliberi.org\/site\/wp-json\/wp\/v2\/comments?post=8"}],"version-history":[{"count":0,"href":"https:\/\/www.animaliliberi.org\/site\/wp-json\/wp\/v2\/pages\/8\/revisions"}],"wp:featuredmedia":[{"embeddable":true,"href":"https:\/\/www.animaliliberi.org\/site\/wp-json\/wp\/v2\/media\/632"}],"wp:attachment":[{"href":"https:\/\/www.animaliliberi.org\/site\/wp-json\/wp\/v2\/media?parent=8"}],"curies":[{"name":"wp","href":"https:\/\/api.w.org\/{rel}","templated":true}]}}