{"id":466,"date":"2018-01-26T13:30:38","date_gmt":"2018-01-26T12:30:38","guid":{"rendered":"http:\/\/www.animaliliberi.org\/site\/?page_id=466"},"modified":"2021-05-12T18:41:47","modified_gmt":"2021-05-12T16:41:47","slug":"premio-felice-un-concorso-letterario-della-rete","status":"publish","type":"page","link":"https:\/\/www.animaliliberi.org\/site\/premio-felice-un-concorso-letterario-della-rete\/","title":{"rendered":"Il Premio Felice: un concorso letterario della rete"},"content":{"rendered":"<p><strong>Il Premio Felice \u00e8 un concorso di scrittura organizzato dalla Rete dei Santuari di Animali Liberi e aperto a bambini e ragazzi fino a 14 anni.<\/strong><\/p>\n<p>Il Premio \u00e8 alla sua quarta edizione.<br \/>\nPartecipare \u00e8 semplice!<span class=\"text_exposed_show\"><br \/>\nScrivi una storia che abbia come tema gli animali, scegli tu se reale o di fantasia. L\u2019autore del miglior racconto vince un bel regalo e un viaggio, assieme alla sua famiglia, presso un rifugio per animali.<\/span><\/p>\n<div class=\"text_exposed_show\">\n<h3>Chi \u00e8 Felice?<\/h3>\n<p>Felice \u00e8 un cane di 16 anni adottato nel 2010 da Sergio, Daniela e dalla loro bambina Linda, che gli hanno permesso cos\u00ec di uscire da uno dei peggiori canili dell\u2019Emilia Romagna. Allora Felice era solo l\u2019ombra di un cane: denutrito, privo di pelo, cardiopatico e con un\u2019infezione alla bocca, mai curata, che rese necessario estrarre tutti i denti tranne i &#8230;due canini. Felice, che a quel tempo si chiamava Iena, era considerato uno dei cani pi\u00f9 brutti di tutto il canile e nessuno aveva mai chiesto di lui. Ma anche le storie pi\u00f9 tristi possono avere un liete fine: Linda decide che quel cane bruttino e un po\u2019 spelacchiato ha qualcosa di speciale, bisogna dargli una seconda possibilit\u00e0! Oggi Felice \u00e8 un cane allegro, giocherellone, che ama l\u2019erba fresca, i ruscelli di montagna e soprattutto\u2026 le palline. Felice ha anche insegnato alla sua famiglia una lezione preziosissima: la felicit\u00e0 si trova spesso nelle piccole cose.<\/p>\n<h3>Perch\u00e9 il Premio Felice?<\/h3>\n<p>Felice \u00e8 un simbolo: la sua storia rappresenta il riscatto da un destino che sembrava gi\u00e0 segnato e ci fa sperare che un simile lieto fine sia un giorno alla portata di tutti gli animali maltrattati e sfruttati.<\/p>\n<h3>Partecipa anche tu!<\/h3>\n<p>Spedisci entro il <strong>31 maggio<\/strong> 2018 il tuo racconto.<\/p>\n<h3>Scrivi come e quanto preferisci!<\/h3>\n<p>Le storie ricevute saranno esaminate da una giuria composta da insegnanti e istruttori cinofili. Al vincitore del concorso sar\u00e0 consegnato un pacco premio contenente una felpa\/maglietta e una selezione di libri per giovani lettori.<br \/>\nLa consegna del premio avverr\u00e0 presso uno dei rifugi aderenti alla Rete dei Santuari di Animali Liberi che in Italia accolgono i cosiddetti \u201canimali da reddito\u201d per dar loro un futuro diverso, proprio come \u00e8 stato per Felice.<\/p>\n<p>Il vincitore potr\u00e0 visitare questo luogo speciale assieme ai suoi genitori durante un viaggio offerto dall\u2019organizzazione del Premio.Inoltre, in tale occasione verranno donati 1.500 euro al rifugio per sostenere le sue attivit\u00e0. Con questo concorso vincono sia i giovani scrittori che gli animali!<\/p>\n<h3>Cosa aspetti? Scrivi e mandaci la tua storia!<\/h3>\n<p>Il racconto dovr\u00e0 essere inviato entro il <strong>31 maggio 2018<\/strong><br \/>\nal seguente indirizzo mail: <a href=\"mailto:premiofelice@animaliliberi.org\">premiofelice@animaliliberi.org<\/a><\/p>\n<hr \/>\n<p style=\"text-align: center;\"><a href=\"http:\/\/www.animaliliberi.org\/site\/wp-content\/uploads\/2018\/04\/volantino-premio-felice-2018.pdf\" target=\"_blank\" rel=\"noopener\"><strong>Scarica il volantino e distribuiscilo<\/strong><\/a> (pdf)<\/p>\n<\/div>\n","protected":false},"excerpt":{"rendered":"<p>Il Premio Felice \u00e8 un concorso di scrittura organizzato dalla Rete dei Santuari di Animali Liberi e aperto a bambini e ragazzi fino a 14 anni. Il Premio \u00e8 alla sua quarta edizione. Partecipare \u00e8 semplice! Scrivi una storia che abbia come tema gli animali, scegli tu se reale o di fantasia. L\u2019autore del miglior racconto vince un bel regalo e un viaggio, assieme alla sua famiglia, presso un rifugio per animali. Chi \u00e8 Felice? Felice \u00e8 un cane di 16 anni adottato nel 2010 da Sergio, Daniela e dalla loro bambina Linda, che gli hanno permesso cos\u00ec di uscire da uno dei peggiori canili dell\u2019Emilia Romagna. Allora Felice era solo l\u2019ombra di un cane: denutrito, privo di pelo, cardiopatico e con un\u2019infezione alla bocca, mai curata, che rese necessario estrarre tutti i denti tranne i &#8230;due canini. Felice, che a quel tempo si chiamava Iena, era considerato uno dei cani pi\u00f9 brutti di tutto il canile e nessuno aveva mai chiesto di lui. Ma anche le storie pi\u00f9 tristi possono avere un liete fine: Linda decide che quel cane bruttino e un po\u2019 spelacchiato ha qualcosa di speciale, bisogna dargli una seconda possibilit\u00e0! Oggi Felice \u00e8 un cane allegro, giocherellone, che ama l\u2019erba fresca, i ruscelli di montagna e soprattutto\u2026 le palline. Felice ha anche insegnato alla sua famiglia una lezione preziosissima: la felicit\u00e0 si trova spesso nelle piccole cose. Perch\u00e9 il Premio Felice? Felice \u00e8 un simbolo: la sua storia rappresenta il riscatto da un destino che sembrava gi\u00e0 segnato e ci fa sperare che un simile lieto fine sia un giorno alla portata di tutti gli animali maltrattati e sfruttati. Partecipa anche tu! Spedisci entro il 31 maggio 2018 il tuo racconto. Scrivi come e quanto preferisci! Le storie ricevute saranno esaminate da una giuria composta da insegnanti e istruttori cinofili. Al vincitore del concorso sar\u00e0 consegnato un pacco premio contenente una felpa\/maglietta e una selezione di libri per giovani lettori. La consegna del premio avverr\u00e0 presso uno dei rifugi aderenti alla Rete dei Santuari di Animali Liberi che in Italia accolgono i cosiddetti \u201canimali da reddito\u201d per dar loro un futuro diverso, proprio come \u00e8 stato per Felice. Il vincitore potr\u00e0 visitare questo luogo speciale assieme ai suoi genitori durante un viaggio offerto dall\u2019organizzazione del Premio.Inoltre, in tale occasione verranno donati 1.500 euro al rifugio per sostenere le sue attivit\u00e0. Con questo concorso vincono sia i giovani scrittori che gli animali! Cosa aspetti? Scrivi e mandaci la tua storia! Il racconto dovr\u00e0 essere inviato entro il 31 maggio 2018 al seguente indirizzo mail: premiofelice@animaliliberi.org Scarica il volantino e distribuiscilo (pdf)<\/p>\n","protected":false},"author":1,"featured_media":467,"parent":0,"menu_order":0,"comment_status":"closed","ping_status":"closed","template":"","meta":{"footnotes":""},"class_list":["post-466","page","type-page","status-publish","has-post-thumbnail","hentry"],"yoast_head":"<!-- This site is optimized with the Yoast SEO plugin v27.2 - https:\/\/yoast.com\/product\/yoast-seo-wordpress\/ -->\n<title>Il Premio Felice: un concorso letterario della rete - Rete dei Santuari di Animali Liberi in Italia<\/title>\n<meta name=\"robots\" content=\"index, follow, max-snippet:-1, max-image-preview:large, max-video-preview:-1\" \/>\n<link rel=\"canonical\" href=\"https:\/\/www.animaliliberi.org\/site\/premio-felice-un-concorso-letterario-della-rete\/\" \/>\n<meta property=\"og:locale\" content=\"it_IT\" \/>\n<meta property=\"og:type\" content=\"article\" \/>\n<meta property=\"og:title\" content=\"Il Premio Felice: un concorso letterario della rete - Rete dei Santuari di Animali Liberi in Italia\" \/>\n<meta property=\"og:description\" content=\"Il Premio Felice \u00e8 un concorso di scrittura organizzato dalla Rete dei Santuari di Animali Liberi e aperto a bambini e ragazzi fino a 14 anni. Il Premio \u00e8 alla sua quarta edizione. Partecipare \u00e8 semplice! Scrivi una storia che abbia come tema gli animali, scegli tu se reale o di fantasia. L\u2019autore del miglior racconto vince un bel regalo e un viaggio, assieme alla sua famiglia, presso un rifugio per animali. Chi \u00e8 Felice? Felice \u00e8 un cane di 16 anni adottato nel 2010 da Sergio, Daniela e dalla loro bambina Linda, che gli hanno permesso cos\u00ec di uscire da uno dei peggiori canili dell\u2019Emilia Romagna. Allora Felice era solo l\u2019ombra di un cane: denutrito, privo di pelo, cardiopatico e con un\u2019infezione alla bocca, mai curata, che rese necessario estrarre tutti i denti tranne i &#8230;due canini. Felice, che a quel tempo si chiamava Iena, era considerato uno dei cani pi\u00f9 brutti di tutto il canile e nessuno aveva mai chiesto di lui. Ma anche le storie pi\u00f9 tristi possono avere un liete fine: Linda decide che quel cane bruttino e un po\u2019 spelacchiato ha qualcosa di speciale, bisogna dargli una seconda possibilit\u00e0! Oggi Felice \u00e8 un cane allegro, giocherellone, che ama l\u2019erba fresca, i ruscelli di montagna e soprattutto\u2026 le palline. Felice ha anche insegnato alla sua famiglia una lezione preziosissima: la felicit\u00e0 si trova spesso nelle piccole cose. Perch\u00e9 il Premio Felice? Felice \u00e8 un simbolo: la sua storia rappresenta il riscatto da un destino che sembrava gi\u00e0 segnato e ci fa sperare che un simile lieto fine sia un giorno alla portata di tutti gli animali maltrattati e sfruttati. Partecipa anche tu! Spedisci entro il 31 maggio 2018 il tuo racconto. Scrivi come e quanto preferisci! Le storie ricevute saranno esaminate da una giuria composta da insegnanti e istruttori cinofili. Al vincitore del concorso sar\u00e0 consegnato un pacco premio contenente una felpa\/maglietta e una selezione di libri per giovani lettori. La consegna del premio avverr\u00e0 presso uno dei rifugi aderenti alla Rete dei Santuari di Animali Liberi che in Italia accolgono i cosiddetti \u201canimali da reddito\u201d per dar loro un futuro diverso, proprio come \u00e8 stato per Felice. Il vincitore potr\u00e0 visitare questo luogo speciale assieme ai suoi genitori durante un viaggio offerto dall\u2019organizzazione del Premio.Inoltre, in tale occasione verranno donati 1.500 euro al rifugio per sostenere le sue attivit\u00e0. Con questo concorso vincono sia i giovani scrittori che gli animali! Cosa aspetti? Scrivi e mandaci la tua storia! Il racconto dovr\u00e0 essere inviato entro il 31 maggio 2018 al seguente indirizzo mail: premiofelice@animaliliberi.org Scarica il volantino e distribuiscilo (pdf)\" \/>\n<meta property=\"og:url\" content=\"https:\/\/www.animaliliberi.org\/site\/premio-felice-un-concorso-letterario-della-rete\/\" \/>\n<meta property=\"og:site_name\" content=\"Rete dei Santuari di Animali Liberi in Italia\" \/>\n<meta property=\"article:modified_time\" content=\"2021-05-12T16:41:47+00:00\" \/>\n<meta property=\"og:image\" content=\"https:\/\/www.animaliliberi.org\/site\/wp-content\/uploads\/2018\/01\/Felice-e1516969797310.jpg\" \/>\n\t<meta property=\"og:image:width\" content=\"800\" \/>\n\t<meta property=\"og:image:height\" content=\"534\" \/>\n\t<meta property=\"og:image:type\" content=\"image\/jpeg\" \/>\n<meta name=\"twitter:label1\" content=\"Tempo di lettura stimato\" \/>\n\t<meta name=\"twitter:data1\" content=\"2 minuti\" \/>\n<script type=\"application\/ld+json\" class=\"yoast-schema-graph\">{\"@context\":\"https:\/\/schema.org\",\"@graph\":[{\"@type\":\"WebPage\",\"@id\":\"https:\/\/www.animaliliberi.org\/site\/premio-felice-un-concorso-letterario-della-rete\/\",\"url\":\"https:\/\/www.animaliliberi.org\/site\/premio-felice-un-concorso-letterario-della-rete\/\",\"name\":\"Il Premio Felice: un concorso letterario della rete - Rete dei Santuari di Animali Liberi in Italia\",\"isPartOf\":{\"@id\":\"https:\/\/www.animaliliberi.org\/site\/#website\"},\"primaryImageOfPage\":{\"@id\":\"https:\/\/www.animaliliberi.org\/site\/premio-felice-un-concorso-letterario-della-rete\/#primaryimage\"},\"image\":{\"@id\":\"https:\/\/www.animaliliberi.org\/site\/premio-felice-un-concorso-letterario-della-rete\/#primaryimage\"},\"thumbnailUrl\":\"https:\/\/www.animaliliberi.org\/site\/wp-content\/uploads\/2018\/01\/Felice-e1516969797310.jpg\",\"datePublished\":\"2018-01-26T12:30:38+00:00\",\"dateModified\":\"2021-05-12T16:41:47+00:00\",\"breadcrumb\":{\"@id\":\"https:\/\/www.animaliliberi.org\/site\/premio-felice-un-concorso-letterario-della-rete\/#breadcrumb\"},\"inLanguage\":\"it-IT\",\"potentialAction\":[{\"@type\":\"ReadAction\",\"target\":[\"https:\/\/www.animaliliberi.org\/site\/premio-felice-un-concorso-letterario-della-rete\/\"]}]},{\"@type\":\"ImageObject\",\"inLanguage\":\"it-IT\",\"@id\":\"https:\/\/www.animaliliberi.org\/site\/premio-felice-un-concorso-letterario-della-rete\/#primaryimage\",\"url\":\"https:\/\/www.animaliliberi.org\/site\/wp-content\/uploads\/2018\/01\/Felice-e1516969797310.jpg\",\"contentUrl\":\"https:\/\/www.animaliliberi.org\/site\/wp-content\/uploads\/2018\/01\/Felice-e1516969797310.jpg\",\"width\":800,\"height\":534},{\"@type\":\"BreadcrumbList\",\"@id\":\"https:\/\/www.animaliliberi.org\/site\/premio-felice-un-concorso-letterario-della-rete\/#breadcrumb\",\"itemListElement\":[{\"@type\":\"ListItem\",\"position\":1,\"name\":\"Home\",\"item\":\"https:\/\/www.animaliliberi.org\/site\/\"},{\"@type\":\"ListItem\",\"position\":2,\"name\":\"Il Premio Felice: un concorso letterario della rete\"}]},{\"@type\":\"WebSite\",\"@id\":\"https:\/\/www.animaliliberi.org\/site\/#website\",\"url\":\"https:\/\/www.animaliliberi.org\/site\/\",\"name\":\"Rete dei Santuari di Animali Liberi in Italia\",\"description\":\"\",\"potentialAction\":[{\"@type\":\"SearchAction\",\"target\":{\"@type\":\"EntryPoint\",\"urlTemplate\":\"https:\/\/www.animaliliberi.org\/site\/?s={search_term_string}\"},\"query-input\":{\"@type\":\"PropertyValueSpecification\",\"valueRequired\":true,\"valueName\":\"search_term_string\"}}],\"inLanguage\":\"it-IT\"}]}<\/script>\n<!-- \/ Yoast SEO plugin. -->","yoast_head_json":{"title":"Il Premio Felice: un concorso letterario della rete - Rete dei Santuari di Animali Liberi in Italia","robots":{"index":"index","follow":"follow","max-snippet":"max-snippet:-1","max-image-preview":"max-image-preview:large","max-video-preview":"max-video-preview:-1"},"canonical":"https:\/\/www.animaliliberi.org\/site\/premio-felice-un-concorso-letterario-della-rete\/","og_locale":"it_IT","og_type":"article","og_title":"Il Premio Felice: un concorso letterario della rete - Rete dei Santuari di Animali Liberi in Italia","og_description":"Il Premio Felice \u00e8 un concorso di scrittura organizzato dalla Rete dei Santuari di Animali Liberi e aperto a bambini e ragazzi fino a 14 anni. Il Premio \u00e8 alla sua quarta edizione. Partecipare \u00e8 semplice! Scrivi una storia che abbia come tema gli animali, scegli tu se reale o di fantasia. L\u2019autore del miglior racconto vince un bel regalo e un viaggio, assieme alla sua famiglia, presso un rifugio per animali. Chi \u00e8 Felice? Felice \u00e8 un cane di 16 anni adottato nel 2010 da Sergio, Daniela e dalla loro bambina Linda, che gli hanno permesso cos\u00ec di uscire da uno dei peggiori canili dell\u2019Emilia Romagna. Allora Felice era solo l\u2019ombra di un cane: denutrito, privo di pelo, cardiopatico e con un\u2019infezione alla bocca, mai curata, che rese necessario estrarre tutti i denti tranne i &#8230;due canini. Felice, che a quel tempo si chiamava Iena, era considerato uno dei cani pi\u00f9 brutti di tutto il canile e nessuno aveva mai chiesto di lui. Ma anche le storie pi\u00f9 tristi possono avere un liete fine: Linda decide che quel cane bruttino e un po\u2019 spelacchiato ha qualcosa di speciale, bisogna dargli una seconda possibilit\u00e0! Oggi Felice \u00e8 un cane allegro, giocherellone, che ama l\u2019erba fresca, i ruscelli di montagna e soprattutto\u2026 le palline. Felice ha anche insegnato alla sua famiglia una lezione preziosissima: la felicit\u00e0 si trova spesso nelle piccole cose. Perch\u00e9 il Premio Felice? Felice \u00e8 un simbolo: la sua storia rappresenta il riscatto da un destino che sembrava gi\u00e0 segnato e ci fa sperare che un simile lieto fine sia un giorno alla portata di tutti gli animali maltrattati e sfruttati. Partecipa anche tu! Spedisci entro il 31 maggio 2018 il tuo racconto. Scrivi come e quanto preferisci! Le storie ricevute saranno esaminate da una giuria composta da insegnanti e istruttori cinofili. Al vincitore del concorso sar\u00e0 consegnato un pacco premio contenente una felpa\/maglietta e una selezione di libri per giovani lettori. La consegna del premio avverr\u00e0 presso uno dei rifugi aderenti alla Rete dei Santuari di Animali Liberi che in Italia accolgono i cosiddetti \u201canimali da reddito\u201d per dar loro un futuro diverso, proprio come \u00e8 stato per Felice. Il vincitore potr\u00e0 visitare questo luogo speciale assieme ai suoi genitori durante un viaggio offerto dall\u2019organizzazione del Premio.Inoltre, in tale occasione verranno donati 1.500 euro al rifugio per sostenere le sue attivit\u00e0. Con questo concorso vincono sia i giovani scrittori che gli animali! Cosa aspetti? Scrivi e mandaci la tua storia! Il racconto dovr\u00e0 essere inviato entro il 31 maggio 2018 al seguente indirizzo mail: premiofelice@animaliliberi.org Scarica il volantino e distribuiscilo (pdf)","og_url":"https:\/\/www.animaliliberi.org\/site\/premio-felice-un-concorso-letterario-della-rete\/","og_site_name":"Rete dei Santuari di Animali Liberi in Italia","article_modified_time":"2021-05-12T16:41:47+00:00","og_image":[{"width":800,"height":534,"url":"https:\/\/www.animaliliberi.org\/site\/wp-content\/uploads\/2018\/01\/Felice-e1516969797310.jpg","type":"image\/jpeg"}],"twitter_misc":{"Tempo di lettura stimato":"2 minuti"},"schema":{"@context":"https:\/\/schema.org","@graph":[{"@type":"WebPage","@id":"https:\/\/www.animaliliberi.org\/site\/premio-felice-un-concorso-letterario-della-rete\/","url":"https:\/\/www.animaliliberi.org\/site\/premio-felice-un-concorso-letterario-della-rete\/","name":"Il Premio Felice: un concorso letterario della rete - Rete dei Santuari di Animali Liberi in Italia","isPartOf":{"@id":"https:\/\/www.animaliliberi.org\/site\/#website"},"primaryImageOfPage":{"@id":"https:\/\/www.animaliliberi.org\/site\/premio-felice-un-concorso-letterario-della-rete\/#primaryimage"},"image":{"@id":"https:\/\/www.animaliliberi.org\/site\/premio-felice-un-concorso-letterario-della-rete\/#primaryimage"},"thumbnailUrl":"https:\/\/www.animaliliberi.org\/site\/wp-content\/uploads\/2018\/01\/Felice-e1516969797310.jpg","datePublished":"2018-01-26T12:30:38+00:00","dateModified":"2021-05-12T16:41:47+00:00","breadcrumb":{"@id":"https:\/\/www.animaliliberi.org\/site\/premio-felice-un-concorso-letterario-della-rete\/#breadcrumb"},"inLanguage":"it-IT","potentialAction":[{"@type":"ReadAction","target":["https:\/\/www.animaliliberi.org\/site\/premio-felice-un-concorso-letterario-della-rete\/"]}]},{"@type":"ImageObject","inLanguage":"it-IT","@id":"https:\/\/www.animaliliberi.org\/site\/premio-felice-un-concorso-letterario-della-rete\/#primaryimage","url":"https:\/\/www.animaliliberi.org\/site\/wp-content\/uploads\/2018\/01\/Felice-e1516969797310.jpg","contentUrl":"https:\/\/www.animaliliberi.org\/site\/wp-content\/uploads\/2018\/01\/Felice-e1516969797310.jpg","width":800,"height":534},{"@type":"BreadcrumbList","@id":"https:\/\/www.animaliliberi.org\/site\/premio-felice-un-concorso-letterario-della-rete\/#breadcrumb","itemListElement":[{"@type":"ListItem","position":1,"name":"Home","item":"https:\/\/www.animaliliberi.org\/site\/"},{"@type":"ListItem","position":2,"name":"Il Premio Felice: un concorso letterario della rete"}]},{"@type":"WebSite","@id":"https:\/\/www.animaliliberi.org\/site\/#website","url":"https:\/\/www.animaliliberi.org\/site\/","name":"Rete dei Santuari di Animali Liberi in Italia","description":"","potentialAction":[{"@type":"SearchAction","target":{"@type":"EntryPoint","urlTemplate":"https:\/\/www.animaliliberi.org\/site\/?s={search_term_string}"},"query-input":{"@type":"PropertyValueSpecification","valueRequired":true,"valueName":"search_term_string"}}],"inLanguage":"it-IT"}]}},"_links":{"self":[{"href":"https:\/\/www.animaliliberi.org\/site\/wp-json\/wp\/v2\/pages\/466","targetHints":{"allow":["GET"]}}],"collection":[{"href":"https:\/\/www.animaliliberi.org\/site\/wp-json\/wp\/v2\/pages"}],"about":[{"href":"https:\/\/www.animaliliberi.org\/site\/wp-json\/wp\/v2\/types\/page"}],"author":[{"embeddable":true,"href":"https:\/\/www.animaliliberi.org\/site\/wp-json\/wp\/v2\/users\/1"}],"replies":[{"embeddable":true,"href":"https:\/\/www.animaliliberi.org\/site\/wp-json\/wp\/v2\/comments?post=466"}],"version-history":[{"count":3,"href":"https:\/\/www.animaliliberi.org\/site\/wp-json\/wp\/v2\/pages\/466\/revisions"}],"predecessor-version":[{"id":914,"href":"https:\/\/www.animaliliberi.org\/site\/wp-json\/wp\/v2\/pages\/466\/revisions\/914"}],"wp:featuredmedia":[{"embeddable":true,"href":"https:\/\/www.animaliliberi.org\/site\/wp-json\/wp\/v2\/media\/467"}],"wp:attachment":[{"href":"https:\/\/www.animaliliberi.org\/site\/wp-json\/wp\/v2\/media?parent=466"}],"curies":[{"name":"wp","href":"https:\/\/api.w.org\/{rel}","templated":true}]}}