{"id":31,"date":"2014-10-24T10:47:06","date_gmt":"2014-10-24T08:47:06","guid":{"rendered":"http:\/\/www.animaliliberi.org\/site\/?page_id=31"},"modified":"2021-05-12T17:21:46","modified_gmt":"2021-05-12T15:21:46","slug":"come-sostenerli","status":"publish","type":"page","link":"https:\/\/www.animaliliberi.org\/site\/come-sostenerli\/","title":{"rendered":"Come sostenere i santuari"},"content":{"rendered":"<p>I santuari sono progetti molto dispendiosi, specialmente quando vengono ospitati animali di grandi dimensioni e soggetti malati. A differenza di un progetto puramente divulgativo, il santuario richiede un grande senso di responsabilit\u00e0 e di costanza nel tempo, visto che alcuni individui possono vivere anche per molti anni. Si deve far fronte a molte situazioni di emergenza (centinaia di animali in cerca di una casa), di sofferenza (soggetti malati, che soffrono e muoiono tra le braccia dei volontari), di autocontrollo (umani poco comprensivi che cercano di demolire l&#8217;idea di animale non umano libero, sia tra i privati che tra le istituzioni, Asl <em>in primis<\/em>), di fatica (non esistono giorni di riposo, non esiste festivit\u00e0, pioggia, vento o sole che possano portare a rinunciare al turno di volontariato, e specialmente in certe condizioni il tutto ricade in mano ai responsabili) e molte altre.<\/p>\n<p>La gestione di un santuario \u00e8 quindi estremamente gravosa, e non solo in termini economici. Probabilmente \u00e8 per questo che ad oggi ce ne sono cos\u00ec pochi.<\/p>\n<p>Ecco&#8230; a tutto questo aggiungiamo adesso la questione della raccolta fondi per far fronte alle molte spese mensili. Cibo, spese mediche, attrezzature, strutture, gestione organizzativa, portano ogni mese ad avere una uscita importante alla quale si deve far fronte, e l&#8217;unica soluzione \u00e8 quella di supportare in tutti i modi possibili queste realt\u00e0.<\/p>\n<p>Oltre quello economico, c&#8217;\u00e8 il supporto del volontariato, altro fondamentale pilastro sul quale poggia un santuario. Ognuno \u00e8 il benvenuto a contribuire con il proprio tempo e le proprie attitudini le attivit\u00e0 del santuario, che vanno da quelle pi\u00f9 fisiche di pulizia e somministrazione del cibo, a quelle pi\u00f9 delicate come le cure ai soggetti pi\u00f9 bisognosi, a quelle pi\u00f9 organizzative per la partecipazione ai vari festival, presentazioni varie, lavoro di divulgazione, ecc&#8230;<\/p>\n<p>E per finire non dimentichiamo il preziosissimo supporto morale, senza il quale sarebbe ancora pi\u00f9 difficile sostenere tutti gli impegni, le difficolt\u00e0 e lo stress derivanti da essi.<\/p>\n<p>Ognuno con le sue modalit\u00e0 ha bisogno di molto supporto senza il quale una realt\u00e0 del genere non riuscirebbe a sopravvivere assolutamente.<\/p>\n<p>Chiedete pure al santuario vicino a voi!<\/p>\n<p><b>Sei un&#8217;associazione di divulgazione: Supporta la Rete dei Santuari di Animali Liberi in Italia!<\/b><\/p>\n<p>Ci appelliamo a tutte quelle associazioni che si riconoscono nei principi della <strong><a href=\"http:\/\/www.animaliliberi.org\/site\/carta-dei-valori\/\">Carta dei Valori<\/a><\/strong>, per chiedere un importante sostegno. Ogni energia sar\u00e0 preziosa per portare avanti questi luoghi, iniziando dal riconoscimento della loro centralit\u00e0 nel movimento di liberazione animale.<\/p>\n<p>Cosa si pu\u00f2 fare?<\/p>\n<p style=\"padding-left: 40px;\">&#8211; organizzare benefit a sostegno dei vari santuari<\/p>\n<p style=\"padding-left: 40px;\">&#8211; mettere il link sul proprio sito<\/p>\n<p style=\"padding-left: 40px;\">&#8211; divulgare le adozioni a distanza, oltre che farne una per ogni associazione, e tutte le altre forme di sostegno<\/p>\n<p style=\"padding-left: 40px;\">&#8211; aiutare nella mappatura del territorio nazionale<\/p>\n<p>Per ogni richiesta scrivi pure a <a href=\"mailto:info@animaliliberi.org\">info@animaliliberi.org<\/a><\/p>\n","protected":false},"excerpt":{"rendered":"<p>I santuari sono progetti molto dispendiosi, specialmente quando vengono ospitati animali di grandi dimensioni e soggetti malati. A differenza di un progetto puramente divulgativo, il santuario richiede un grande senso di responsabilit\u00e0 e di costanza nel tempo, visto che alcuni individui possono vivere anche per molti anni. Si deve far fronte a molte situazioni di emergenza (centinaia di animali in cerca di una casa), di sofferenza (soggetti malati, che soffrono e muoiono tra le braccia dei volontari), di autocontrollo (umani poco comprensivi che cercano di demolire l&#8217;idea di animale non umano libero, sia tra i privati che tra le istituzioni, Asl in primis), di fatica (non esistono giorni di riposo, non esiste festivit\u00e0, pioggia, vento o sole che possano portare a rinunciare al turno di volontariato, e specialmente in certe condizioni il tutto ricade in mano ai responsabili) e molte altre. La gestione di un santuario \u00e8 quindi estremamente gravosa, e non solo in termini economici. Probabilmente \u00e8 per questo che ad oggi ce ne sono cos\u00ec pochi. Ecco&#8230; a tutto questo aggiungiamo adesso la questione della raccolta fondi per far fronte alle molte spese mensili. Cibo, spese mediche, attrezzature, strutture, gestione organizzativa, portano ogni mese ad avere una uscita importante alla quale si deve far fronte, e l&#8217;unica soluzione \u00e8 quella di supportare in tutti i modi possibili queste realt\u00e0. Oltre quello economico, c&#8217;\u00e8 il supporto del volontariato, altro fondamentale pilastro sul quale poggia un santuario. Ognuno \u00e8 il benvenuto a contribuire con il proprio tempo e le proprie attitudini le attivit\u00e0 del santuario, che vanno da quelle pi\u00f9 fisiche di pulizia e somministrazione del cibo, a quelle pi\u00f9 delicate come le cure ai soggetti pi\u00f9 bisognosi, a quelle pi\u00f9 organizzative per la partecipazione ai vari festival, presentazioni varie, lavoro di divulgazione, ecc&#8230; E per finire non dimentichiamo il preziosissimo supporto morale, senza il quale sarebbe ancora pi\u00f9 difficile sostenere tutti gli impegni, le difficolt\u00e0 e lo stress derivanti da essi. Ognuno con le sue modalit\u00e0 ha bisogno di molto supporto senza il quale una realt\u00e0 del genere non riuscirebbe a sopravvivere assolutamente. Chiedete pure al santuario vicino a voi! Sei un&#8217;associazione di divulgazione: Supporta la Rete dei Santuari di Animali Liberi in Italia! Ci appelliamo a tutte quelle associazioni che si riconoscono nei principi della Carta dei Valori, per chiedere un importante sostegno. Ogni energia sar\u00e0 preziosa per portare avanti questi luoghi, iniziando dal riconoscimento della loro centralit\u00e0 nel movimento di liberazione animale. Cosa si pu\u00f2 fare? &#8211; organizzare benefit a sostegno dei vari santuari &#8211; mettere il link sul proprio sito &#8211; divulgare le adozioni a distanza, oltre che farne una per ogni associazione, e tutte le altre forme di sostegno &#8211; aiutare nella mappatura del territorio nazionale Per ogni richiesta scrivi pure a info@animaliliberi.org<\/p>\n","protected":false},"author":1,"featured_media":62,"parent":0,"menu_order":6,"comment_status":"closed","ping_status":"closed","template":"","meta":{"footnotes":""},"class_list":["post-31","page","type-page","status-publish","has-post-thumbnail","hentry"],"yoast_head":"<!-- This site is optimized with the Yoast SEO plugin v27.4 - https:\/\/yoast.com\/product\/yoast-seo-wordpress\/ -->\n<title>Come sostenere i santuari - Rete dei Santuari di Animali Liberi in Italia<\/title>\n<meta name=\"robots\" content=\"index, follow, max-snippet:-1, max-image-preview:large, max-video-preview:-1\" \/>\n<link rel=\"canonical\" href=\"https:\/\/www.animaliliberi.org\/site\/come-sostenerli\/\" \/>\n<meta property=\"og:locale\" content=\"it_IT\" \/>\n<meta property=\"og:type\" content=\"article\" \/>\n<meta property=\"og:title\" content=\"Come sostenere i santuari - Rete dei Santuari di Animali Liberi in Italia\" \/>\n<meta property=\"og:description\" content=\"I santuari sono progetti molto dispendiosi, specialmente quando vengono ospitati animali di grandi dimensioni e soggetti malati. A differenza di un progetto puramente divulgativo, il santuario richiede un grande senso di responsabilit\u00e0 e di costanza nel tempo, visto che alcuni individui possono vivere anche per molti anni. Si deve far fronte a molte situazioni di emergenza (centinaia di animali in cerca di una casa), di sofferenza (soggetti malati, che soffrono e muoiono tra le braccia dei volontari), di autocontrollo (umani poco comprensivi che cercano di demolire l&#8217;idea di animale non umano libero, sia tra i privati che tra le istituzioni, Asl in primis), di fatica (non esistono giorni di riposo, non esiste festivit\u00e0, pioggia, vento o sole che possano portare a rinunciare al turno di volontariato, e specialmente in certe condizioni il tutto ricade in mano ai responsabili) e molte altre. La gestione di un santuario \u00e8 quindi estremamente gravosa, e non solo in termini economici. Probabilmente \u00e8 per questo che ad oggi ce ne sono cos\u00ec pochi. Ecco&#8230; a tutto questo aggiungiamo adesso la questione della raccolta fondi per far fronte alle molte spese mensili. Cibo, spese mediche, attrezzature, strutture, gestione organizzativa, portano ogni mese ad avere una uscita importante alla quale si deve far fronte, e l&#8217;unica soluzione \u00e8 quella di supportare in tutti i modi possibili queste realt\u00e0. Oltre quello economico, c&#8217;\u00e8 il supporto del volontariato, altro fondamentale pilastro sul quale poggia un santuario. Ognuno \u00e8 il benvenuto a contribuire con il proprio tempo e le proprie attitudini le attivit\u00e0 del santuario, che vanno da quelle pi\u00f9 fisiche di pulizia e somministrazione del cibo, a quelle pi\u00f9 delicate come le cure ai soggetti pi\u00f9 bisognosi, a quelle pi\u00f9 organizzative per la partecipazione ai vari festival, presentazioni varie, lavoro di divulgazione, ecc&#8230; E per finire non dimentichiamo il preziosissimo supporto morale, senza il quale sarebbe ancora pi\u00f9 difficile sostenere tutti gli impegni, le difficolt\u00e0 e lo stress derivanti da essi. Ognuno con le sue modalit\u00e0 ha bisogno di molto supporto senza il quale una realt\u00e0 del genere non riuscirebbe a sopravvivere assolutamente. Chiedete pure al santuario vicino a voi! Sei un&#8217;associazione di divulgazione: Supporta la Rete dei Santuari di Animali Liberi in Italia! Ci appelliamo a tutte quelle associazioni che si riconoscono nei principi della Carta dei Valori, per chiedere un importante sostegno. Ogni energia sar\u00e0 preziosa per portare avanti questi luoghi, iniziando dal riconoscimento della loro centralit\u00e0 nel movimento di liberazione animale. Cosa si pu\u00f2 fare? &#8211; organizzare benefit a sostegno dei vari santuari &#8211; mettere il link sul proprio sito &#8211; divulgare le adozioni a distanza, oltre che farne una per ogni associazione, e tutte le altre forme di sostegno &#8211; aiutare nella mappatura del territorio nazionale Per ogni richiesta scrivi pure a info@animaliliberi.org\" \/>\n<meta property=\"og:url\" content=\"https:\/\/www.animaliliberi.org\/site\/come-sostenerli\/\" \/>\n<meta property=\"og:site_name\" content=\"Rete dei Santuari di Animali Liberi in Italia\" \/>\n<meta property=\"article:modified_time\" content=\"2021-05-12T15:21:46+00:00\" \/>\n<meta name=\"twitter:label1\" content=\"Tempo di lettura stimato\" \/>\n\t<meta name=\"twitter:data1\" content=\"2 minuti\" \/>\n<script type=\"application\/ld+json\" class=\"yoast-schema-graph\">{\"@context\":\"https:\\\/\\\/schema.org\",\"@graph\":[{\"@type\":\"WebPage\",\"@id\":\"https:\\\/\\\/www.animaliliberi.org\\\/site\\\/come-sostenerli\\\/\",\"url\":\"https:\\\/\\\/www.animaliliberi.org\\\/site\\\/come-sostenerli\\\/\",\"name\":\"Come sostenere i santuari - Rete dei Santuari di Animali Liberi in Italia\",\"isPartOf\":{\"@id\":\"https:\\\/\\\/www.animaliliberi.org\\\/site\\\/#website\"},\"primaryImageOfPage\":{\"@id\":\"https:\\\/\\\/www.animaliliberi.org\\\/site\\\/come-sostenerli\\\/#primaryimage\"},\"image\":{\"@id\":\"https:\\\/\\\/www.animaliliberi.org\\\/site\\\/come-sostenerli\\\/#primaryimage\"},\"thumbnailUrl\":\"https:\\\/\\\/www.animaliliberi.org\\\/site\\\/wp-content\\\/uploads\\\/2014\\\/11\\\/capra-che-ride.jpg\",\"datePublished\":\"2014-10-24T08:47:06+00:00\",\"dateModified\":\"2021-05-12T15:21:46+00:00\",\"breadcrumb\":{\"@id\":\"https:\\\/\\\/www.animaliliberi.org\\\/site\\\/come-sostenerli\\\/#breadcrumb\"},\"inLanguage\":\"it-IT\",\"potentialAction\":[{\"@type\":\"ReadAction\",\"target\":[\"https:\\\/\\\/www.animaliliberi.org\\\/site\\\/come-sostenerli\\\/\"]}]},{\"@type\":\"ImageObject\",\"inLanguage\":\"it-IT\",\"@id\":\"https:\\\/\\\/www.animaliliberi.org\\\/site\\\/come-sostenerli\\\/#primaryimage\",\"url\":\"https:\\\/\\\/www.animaliliberi.org\\\/site\\\/wp-content\\\/uploads\\\/2014\\\/11\\\/capra-che-ride.jpg\",\"contentUrl\":\"https:\\\/\\\/www.animaliliberi.org\\\/site\\\/wp-content\\\/uploads\\\/2014\\\/11\\\/capra-che-ride.jpg\",\"width\":800,\"height\":533},{\"@type\":\"BreadcrumbList\",\"@id\":\"https:\\\/\\\/www.animaliliberi.org\\\/site\\\/come-sostenerli\\\/#breadcrumb\",\"itemListElement\":[{\"@type\":\"ListItem\",\"position\":1,\"name\":\"Home\",\"item\":\"https:\\\/\\\/www.animaliliberi.org\\\/site\\\/\"},{\"@type\":\"ListItem\",\"position\":2,\"name\":\"Come sostenere i santuari\"}]},{\"@type\":\"WebSite\",\"@id\":\"https:\\\/\\\/www.animaliliberi.org\\\/site\\\/#website\",\"url\":\"https:\\\/\\\/www.animaliliberi.org\\\/site\\\/\",\"name\":\"Rete dei Santuari di Animali Liberi in Italia\",\"description\":\"\",\"potentialAction\":[{\"@type\":\"SearchAction\",\"target\":{\"@type\":\"EntryPoint\",\"urlTemplate\":\"https:\\\/\\\/www.animaliliberi.org\\\/site\\\/?s={search_term_string}\"},\"query-input\":{\"@type\":\"PropertyValueSpecification\",\"valueRequired\":true,\"valueName\":\"search_term_string\"}}],\"inLanguage\":\"it-IT\"}]}<\/script>\n<!-- \/ Yoast SEO plugin. -->","yoast_head_json":{"title":"Come sostenere i santuari - Rete dei Santuari di Animali Liberi in Italia","robots":{"index":"index","follow":"follow","max-snippet":"max-snippet:-1","max-image-preview":"max-image-preview:large","max-video-preview":"max-video-preview:-1"},"canonical":"https:\/\/www.animaliliberi.org\/site\/come-sostenerli\/","og_locale":"it_IT","og_type":"article","og_title":"Come sostenere i santuari - Rete dei Santuari di Animali Liberi in Italia","og_description":"I santuari sono progetti molto dispendiosi, specialmente quando vengono ospitati animali di grandi dimensioni e soggetti malati. A differenza di un progetto puramente divulgativo, il santuario richiede un grande senso di responsabilit\u00e0 e di costanza nel tempo, visto che alcuni individui possono vivere anche per molti anni. Si deve far fronte a molte situazioni di emergenza (centinaia di animali in cerca di una casa), di sofferenza (soggetti malati, che soffrono e muoiono tra le braccia dei volontari), di autocontrollo (umani poco comprensivi che cercano di demolire l&#8217;idea di animale non umano libero, sia tra i privati che tra le istituzioni, Asl in primis), di fatica (non esistono giorni di riposo, non esiste festivit\u00e0, pioggia, vento o sole che possano portare a rinunciare al turno di volontariato, e specialmente in certe condizioni il tutto ricade in mano ai responsabili) e molte altre. La gestione di un santuario \u00e8 quindi estremamente gravosa, e non solo in termini economici. Probabilmente \u00e8 per questo che ad oggi ce ne sono cos\u00ec pochi. Ecco&#8230; a tutto questo aggiungiamo adesso la questione della raccolta fondi per far fronte alle molte spese mensili. Cibo, spese mediche, attrezzature, strutture, gestione organizzativa, portano ogni mese ad avere una uscita importante alla quale si deve far fronte, e l&#8217;unica soluzione \u00e8 quella di supportare in tutti i modi possibili queste realt\u00e0. Oltre quello economico, c&#8217;\u00e8 il supporto del volontariato, altro fondamentale pilastro sul quale poggia un santuario. Ognuno \u00e8 il benvenuto a contribuire con il proprio tempo e le proprie attitudini le attivit\u00e0 del santuario, che vanno da quelle pi\u00f9 fisiche di pulizia e somministrazione del cibo, a quelle pi\u00f9 delicate come le cure ai soggetti pi\u00f9 bisognosi, a quelle pi\u00f9 organizzative per la partecipazione ai vari festival, presentazioni varie, lavoro di divulgazione, ecc&#8230; E per finire non dimentichiamo il preziosissimo supporto morale, senza il quale sarebbe ancora pi\u00f9 difficile sostenere tutti gli impegni, le difficolt\u00e0 e lo stress derivanti da essi. Ognuno con le sue modalit\u00e0 ha bisogno di molto supporto senza il quale una realt\u00e0 del genere non riuscirebbe a sopravvivere assolutamente. Chiedete pure al santuario vicino a voi! Sei un&#8217;associazione di divulgazione: Supporta la Rete dei Santuari di Animali Liberi in Italia! Ci appelliamo a tutte quelle associazioni che si riconoscono nei principi della Carta dei Valori, per chiedere un importante sostegno. Ogni energia sar\u00e0 preziosa per portare avanti questi luoghi, iniziando dal riconoscimento della loro centralit\u00e0 nel movimento di liberazione animale. Cosa si pu\u00f2 fare? &#8211; organizzare benefit a sostegno dei vari santuari &#8211; mettere il link sul proprio sito &#8211; divulgare le adozioni a distanza, oltre che farne una per ogni associazione, e tutte le altre forme di sostegno &#8211; aiutare nella mappatura del territorio nazionale Per ogni richiesta scrivi pure a info@animaliliberi.org","og_url":"https:\/\/www.animaliliberi.org\/site\/come-sostenerli\/","og_site_name":"Rete dei Santuari di Animali Liberi in Italia","article_modified_time":"2021-05-12T15:21:46+00:00","twitter_misc":{"Tempo di lettura stimato":"2 minuti"},"schema":{"@context":"https:\/\/schema.org","@graph":[{"@type":"WebPage","@id":"https:\/\/www.animaliliberi.org\/site\/come-sostenerli\/","url":"https:\/\/www.animaliliberi.org\/site\/come-sostenerli\/","name":"Come sostenere i santuari - Rete dei Santuari di Animali Liberi in Italia","isPartOf":{"@id":"https:\/\/www.animaliliberi.org\/site\/#website"},"primaryImageOfPage":{"@id":"https:\/\/www.animaliliberi.org\/site\/come-sostenerli\/#primaryimage"},"image":{"@id":"https:\/\/www.animaliliberi.org\/site\/come-sostenerli\/#primaryimage"},"thumbnailUrl":"https:\/\/www.animaliliberi.org\/site\/wp-content\/uploads\/2014\/11\/capra-che-ride.jpg","datePublished":"2014-10-24T08:47:06+00:00","dateModified":"2021-05-12T15:21:46+00:00","breadcrumb":{"@id":"https:\/\/www.animaliliberi.org\/site\/come-sostenerli\/#breadcrumb"},"inLanguage":"it-IT","potentialAction":[{"@type":"ReadAction","target":["https:\/\/www.animaliliberi.org\/site\/come-sostenerli\/"]}]},{"@type":"ImageObject","inLanguage":"it-IT","@id":"https:\/\/www.animaliliberi.org\/site\/come-sostenerli\/#primaryimage","url":"https:\/\/www.animaliliberi.org\/site\/wp-content\/uploads\/2014\/11\/capra-che-ride.jpg","contentUrl":"https:\/\/www.animaliliberi.org\/site\/wp-content\/uploads\/2014\/11\/capra-che-ride.jpg","width":800,"height":533},{"@type":"BreadcrumbList","@id":"https:\/\/www.animaliliberi.org\/site\/come-sostenerli\/#breadcrumb","itemListElement":[{"@type":"ListItem","position":1,"name":"Home","item":"https:\/\/www.animaliliberi.org\/site\/"},{"@type":"ListItem","position":2,"name":"Come sostenere i santuari"}]},{"@type":"WebSite","@id":"https:\/\/www.animaliliberi.org\/site\/#website","url":"https:\/\/www.animaliliberi.org\/site\/","name":"Rete dei Santuari di Animali Liberi in Italia","description":"","potentialAction":[{"@type":"SearchAction","target":{"@type":"EntryPoint","urlTemplate":"https:\/\/www.animaliliberi.org\/site\/?s={search_term_string}"},"query-input":{"@type":"PropertyValueSpecification","valueRequired":true,"valueName":"search_term_string"}}],"inLanguage":"it-IT"}]}},"_links":{"self":[{"href":"https:\/\/www.animaliliberi.org\/site\/wp-json\/wp\/v2\/pages\/31","targetHints":{"allow":["GET"]}}],"collection":[{"href":"https:\/\/www.animaliliberi.org\/site\/wp-json\/wp\/v2\/pages"}],"about":[{"href":"https:\/\/www.animaliliberi.org\/site\/wp-json\/wp\/v2\/types\/page"}],"author":[{"embeddable":true,"href":"https:\/\/www.animaliliberi.org\/site\/wp-json\/wp\/v2\/users\/1"}],"replies":[{"embeddable":true,"href":"https:\/\/www.animaliliberi.org\/site\/wp-json\/wp\/v2\/comments?post=31"}],"version-history":[{"count":4,"href":"https:\/\/www.animaliliberi.org\/site\/wp-json\/wp\/v2\/pages\/31\/revisions"}],"predecessor-version":[{"id":906,"href":"https:\/\/www.animaliliberi.org\/site\/wp-json\/wp\/v2\/pages\/31\/revisions\/906"}],"wp:featuredmedia":[{"embeddable":true,"href":"https:\/\/www.animaliliberi.org\/site\/wp-json\/wp\/v2\/media\/62"}],"wp:attachment":[{"href":"https:\/\/www.animaliliberi.org\/site\/wp-json\/wp\/v2\/media?parent=31"}],"curies":[{"name":"wp","href":"https:\/\/api.w.org\/{rel}","templated":true}]}}