{"id":21,"date":"2014-10-24T10:41:42","date_gmt":"2014-10-24T08:41:42","guid":{"rendered":"http:\/\/www.animaliliberi.org\/site\/?page_id=21"},"modified":"2021-05-12T16:57:19","modified_gmt":"2021-05-12T14:57:19","slug":"gli-obiettivi-della-rete","status":"publish","type":"page","link":"https:\/\/www.animaliliberi.org\/site\/gli-obiettivi-della-rete\/","title":{"rendered":"Gli obiettivi"},"content":{"rendered":"<p><img decoding=\"async\" class=\"aligncenter\" src=\"http:\/\/www.animaliliberi.org\/site\/wp-content\/uploads\/2021\/05\/cavallo.jpg\" alt=\"\" \/><\/p>\n<p><strong><br \/>\nPerch\u00e9 formare una rete?<\/strong><\/p>\n<p>Come ogni altro movimento, se si uniscono le forze, si \u00e8 pi\u00f9 efficaci e pi\u00f9 facilmente si riesce a raggiungere obiettivi importanti comuni. Ecco quelli prefissati ad oggi.<\/p>\n<p><b>LA VISIBILIT\u00c0<\/b><\/p>\n<p>\u00c8 fondamentale per ogni santuario farsi conoscere per svolgere le proprie attivit\u00e0 di soccorso e di divulgazione, specialmente per quelle persone che non sanno cos&#8217;\u00e8 un santuario, non ci sono mai state e ancora meno non hanno mai incontrato gli animali ospiti di un luogo del genere. Creando una mappatura si pu\u00f2 stimolare tanta gente a visitarli e a parlare di loro.<\/p>\n<p><b>LE MODIFICHE LEGISLATIVE<\/b><\/p>\n<p>Non esistono ufficialmente i santuari in Italia, sono purtroppo tutti considerati degli allevamenti, con tutte le loro\u00a0regole e tristezze. Non esistono deroghe per gli animali da reddito ospitati in maniera rispettosa, o \u201cda affezione\u201d, eccetto qualche raro caso. Una mucca ad esempio, sia se ospitata in un giardino di casa, piuttosto che in un allevamento,\u00a0\u00e8 soggetta comunque a continui controlli veterinari, il cui unico scopo \u00e8 la salvaguardia della salute umana: resta un prodotto destinato al macello e al supermercato.<\/p>\n<p>Tutto questo deve cambiare e l&#8217;obiettivo \u00e8 duplice:<\/p>\n<p style=\"padding-left: 40px;\">&#8211; raggiungere lo \u201cstatus di rifugiato\u201d, animale cio\u00e8 fuori dal circuito dello sfruttamento umano<\/p>\n<p style=\"padding-left: 40px;\">&#8211; raggiungere il riconoscimento di \u201csantuario\u201d, luogo dove vivono animali liberi e salvi, al di fuori di ogni logica di sfruttamento.<\/p>\n<p>Dato che ogni controllo attuale \u00e8 solo ed esclusivamente a tutela dell&#8217;utilizzo alimentare, per chi \u00e8 escluso da questo circuito tutto questo deve terminare, come non esistono controlli simili per i cani, ad esempio, che pur soffrendo di malattie facilmente trasmissibili, non sono previsti abbattimenti, ne quarantene, ne altro drastico e brutale rimedio, tra l&#8217;altro inefficace.<\/p>\n","protected":false},"excerpt":{"rendered":"<p>Perch\u00e9 formare una rete? Come ogni altro movimento, se si uniscono le forze, si \u00e8 pi\u00f9 efficaci e pi\u00f9 facilmente si riesce a raggiungere obiettivi importanti comuni. Ecco quelli prefissati ad oggi. LA VISIBILIT\u00c0 \u00c8 fondamentale per ogni santuario farsi conoscere per svolgere le proprie attivit\u00e0 di soccorso e di divulgazione, specialmente per quelle persone che non sanno cos&#8217;\u00e8 un santuario, non ci sono mai state e ancora meno non hanno mai incontrato gli animali ospiti di un luogo del genere. Creando una mappatura si pu\u00f2 stimolare tanta gente a visitarli e a parlare di loro. LE MODIFICHE LEGISLATIVE Non esistono ufficialmente i santuari in Italia, sono purtroppo tutti considerati degli allevamenti, con tutte le loro\u00a0regole e tristezze. Non esistono deroghe per gli animali da reddito ospitati in maniera rispettosa, o \u201cda affezione\u201d, eccetto qualche raro caso. Una mucca ad esempio, sia se ospitata in un giardino di casa, piuttosto che in un allevamento,\u00a0\u00e8 soggetta comunque a continui controlli veterinari, il cui unico scopo \u00e8 la salvaguardia della salute umana: resta un prodotto destinato al macello e al supermercato. Tutto questo deve cambiare e l&#8217;obiettivo \u00e8 duplice: &#8211; raggiungere lo \u201cstatus di rifugiato\u201d, animale cio\u00e8 fuori dal circuito dello sfruttamento umano &#8211; raggiungere il riconoscimento di \u201csantuario\u201d, luogo dove vivono animali liberi e salvi, al di fuori di ogni logica di sfruttamento. Dato che ogni controllo attuale \u00e8 solo ed esclusivamente a tutela dell&#8217;utilizzo alimentare, per chi \u00e8 escluso da questo circuito tutto questo deve terminare, come non esistono controlli simili per i cani, ad esempio, che pur soffrendo di malattie facilmente trasmissibili, non sono previsti abbattimenti, ne quarantene, ne altro drastico e brutale rimedio, tra l&#8217;altro inefficace.<\/p>\n","protected":false},"author":1,"featured_media":0,"parent":0,"menu_order":5,"comment_status":"closed","ping_status":"open","template":"","meta":{"footnotes":""},"class_list":["post-21","page","type-page","status-publish","hentry"],"yoast_head":"<!-- This site is optimized with the Yoast SEO plugin v27.4 - https:\/\/yoast.com\/product\/yoast-seo-wordpress\/ -->\n<title>Gli obiettivi - Rete dei Santuari di Animali Liberi in Italia<\/title>\n<meta name=\"robots\" content=\"index, follow, max-snippet:-1, max-image-preview:large, max-video-preview:-1\" \/>\n<link rel=\"canonical\" href=\"https:\/\/www.animaliliberi.org\/site\/gli-obiettivi-della-rete\/\" \/>\n<meta property=\"og:locale\" content=\"it_IT\" \/>\n<meta property=\"og:type\" content=\"article\" \/>\n<meta property=\"og:title\" content=\"Gli obiettivi - Rete dei Santuari di Animali Liberi in Italia\" \/>\n<meta property=\"og:description\" content=\"Perch\u00e9 formare una rete? Come ogni altro movimento, se si uniscono le forze, si \u00e8 pi\u00f9 efficaci e pi\u00f9 facilmente si riesce a raggiungere obiettivi importanti comuni. Ecco quelli prefissati ad oggi. LA VISIBILIT\u00c0 \u00c8 fondamentale per ogni santuario farsi conoscere per svolgere le proprie attivit\u00e0 di soccorso e di divulgazione, specialmente per quelle persone che non sanno cos&#8217;\u00e8 un santuario, non ci sono mai state e ancora meno non hanno mai incontrato gli animali ospiti di un luogo del genere. Creando una mappatura si pu\u00f2 stimolare tanta gente a visitarli e a parlare di loro. LE MODIFICHE LEGISLATIVE Non esistono ufficialmente i santuari in Italia, sono purtroppo tutti considerati degli allevamenti, con tutte le loro\u00a0regole e tristezze. Non esistono deroghe per gli animali da reddito ospitati in maniera rispettosa, o \u201cda affezione\u201d, eccetto qualche raro caso. Una mucca ad esempio, sia se ospitata in un giardino di casa, piuttosto che in un allevamento,\u00a0\u00e8 soggetta comunque a continui controlli veterinari, il cui unico scopo \u00e8 la salvaguardia della salute umana: resta un prodotto destinato al macello e al supermercato. Tutto questo deve cambiare e l&#8217;obiettivo \u00e8 duplice: &#8211; raggiungere lo \u201cstatus di rifugiato\u201d, animale cio\u00e8 fuori dal circuito dello sfruttamento umano &#8211; raggiungere il riconoscimento di \u201csantuario\u201d, luogo dove vivono animali liberi e salvi, al di fuori di ogni logica di sfruttamento. Dato che ogni controllo attuale \u00e8 solo ed esclusivamente a tutela dell&#8217;utilizzo alimentare, per chi \u00e8 escluso da questo circuito tutto questo deve terminare, come non esistono controlli simili per i cani, ad esempio, che pur soffrendo di malattie facilmente trasmissibili, non sono previsti abbattimenti, ne quarantene, ne altro drastico e brutale rimedio, tra l&#8217;altro inefficace.\" \/>\n<meta property=\"og:url\" content=\"https:\/\/www.animaliliberi.org\/site\/gli-obiettivi-della-rete\/\" \/>\n<meta property=\"og:site_name\" content=\"Rete dei Santuari di Animali Liberi in Italia\" \/>\n<meta property=\"article:modified_time\" content=\"2021-05-12T14:57:19+00:00\" \/>\n<meta property=\"og:image\" content=\"https:\/\/www.animaliliberi.org\/site\/wp-content\/uploads\/2021\/05\/cavallo.jpg\" \/>\n\t<meta property=\"og:image:width\" content=\"800\" \/>\n\t<meta property=\"og:image:height\" content=\"533\" \/>\n\t<meta property=\"og:image:type\" content=\"image\/jpeg\" \/>\n<meta name=\"twitter:label1\" content=\"Tempo di lettura stimato\" \/>\n\t<meta name=\"twitter:data1\" content=\"2 minuti\" \/>\n<script type=\"application\/ld+json\" class=\"yoast-schema-graph\">{\"@context\":\"https:\\\/\\\/schema.org\",\"@graph\":[{\"@type\":\"WebPage\",\"@id\":\"https:\\\/\\\/www.animaliliberi.org\\\/site\\\/gli-obiettivi-della-rete\\\/\",\"url\":\"https:\\\/\\\/www.animaliliberi.org\\\/site\\\/gli-obiettivi-della-rete\\\/\",\"name\":\"Gli obiettivi - Rete dei Santuari di Animali Liberi in Italia\",\"isPartOf\":{\"@id\":\"https:\\\/\\\/www.animaliliberi.org\\\/site\\\/#website\"},\"primaryImageOfPage\":{\"@id\":\"https:\\\/\\\/www.animaliliberi.org\\\/site\\\/gli-obiettivi-della-rete\\\/#primaryimage\"},\"image\":{\"@id\":\"https:\\\/\\\/www.animaliliberi.org\\\/site\\\/gli-obiettivi-della-rete\\\/#primaryimage\"},\"thumbnailUrl\":\"http:\\\/\\\/www.animaliliberi.org\\\/site\\\/wp-content\\\/uploads\\\/2021\\\/05\\\/cavallo.jpg\",\"datePublished\":\"2014-10-24T08:41:42+00:00\",\"dateModified\":\"2021-05-12T14:57:19+00:00\",\"breadcrumb\":{\"@id\":\"https:\\\/\\\/www.animaliliberi.org\\\/site\\\/gli-obiettivi-della-rete\\\/#breadcrumb\"},\"inLanguage\":\"it-IT\",\"potentialAction\":[{\"@type\":\"ReadAction\",\"target\":[\"https:\\\/\\\/www.animaliliberi.org\\\/site\\\/gli-obiettivi-della-rete\\\/\"]}]},{\"@type\":\"ImageObject\",\"inLanguage\":\"it-IT\",\"@id\":\"https:\\\/\\\/www.animaliliberi.org\\\/site\\\/gli-obiettivi-della-rete\\\/#primaryimage\",\"url\":\"http:\\\/\\\/www.animaliliberi.org\\\/site\\\/wp-content\\\/uploads\\\/2021\\\/05\\\/cavallo.jpg\",\"contentUrl\":\"http:\\\/\\\/www.animaliliberi.org\\\/site\\\/wp-content\\\/uploads\\\/2021\\\/05\\\/cavallo.jpg\"},{\"@type\":\"BreadcrumbList\",\"@id\":\"https:\\\/\\\/www.animaliliberi.org\\\/site\\\/gli-obiettivi-della-rete\\\/#breadcrumb\",\"itemListElement\":[{\"@type\":\"ListItem\",\"position\":1,\"name\":\"Home\",\"item\":\"https:\\\/\\\/www.animaliliberi.org\\\/site\\\/\"},{\"@type\":\"ListItem\",\"position\":2,\"name\":\"Gli obiettivi\"}]},{\"@type\":\"WebSite\",\"@id\":\"https:\\\/\\\/www.animaliliberi.org\\\/site\\\/#website\",\"url\":\"https:\\\/\\\/www.animaliliberi.org\\\/site\\\/\",\"name\":\"Rete dei Santuari di Animali Liberi in Italia\",\"description\":\"\",\"potentialAction\":[{\"@type\":\"SearchAction\",\"target\":{\"@type\":\"EntryPoint\",\"urlTemplate\":\"https:\\\/\\\/www.animaliliberi.org\\\/site\\\/?s={search_term_string}\"},\"query-input\":{\"@type\":\"PropertyValueSpecification\",\"valueRequired\":true,\"valueName\":\"search_term_string\"}}],\"inLanguage\":\"it-IT\"}]}<\/script>\n<!-- \/ Yoast SEO plugin. -->","yoast_head_json":{"title":"Gli obiettivi - Rete dei Santuari di Animali Liberi in Italia","robots":{"index":"index","follow":"follow","max-snippet":"max-snippet:-1","max-image-preview":"max-image-preview:large","max-video-preview":"max-video-preview:-1"},"canonical":"https:\/\/www.animaliliberi.org\/site\/gli-obiettivi-della-rete\/","og_locale":"it_IT","og_type":"article","og_title":"Gli obiettivi - Rete dei Santuari di Animali Liberi in Italia","og_description":"Perch\u00e9 formare una rete? Come ogni altro movimento, se si uniscono le forze, si \u00e8 pi\u00f9 efficaci e pi\u00f9 facilmente si riesce a raggiungere obiettivi importanti comuni. Ecco quelli prefissati ad oggi. LA VISIBILIT\u00c0 \u00c8 fondamentale per ogni santuario farsi conoscere per svolgere le proprie attivit\u00e0 di soccorso e di divulgazione, specialmente per quelle persone che non sanno cos&#8217;\u00e8 un santuario, non ci sono mai state e ancora meno non hanno mai incontrato gli animali ospiti di un luogo del genere. Creando una mappatura si pu\u00f2 stimolare tanta gente a visitarli e a parlare di loro. LE MODIFICHE LEGISLATIVE Non esistono ufficialmente i santuari in Italia, sono purtroppo tutti considerati degli allevamenti, con tutte le loro\u00a0regole e tristezze. Non esistono deroghe per gli animali da reddito ospitati in maniera rispettosa, o \u201cda affezione\u201d, eccetto qualche raro caso. Una mucca ad esempio, sia se ospitata in un giardino di casa, piuttosto che in un allevamento,\u00a0\u00e8 soggetta comunque a continui controlli veterinari, il cui unico scopo \u00e8 la salvaguardia della salute umana: resta un prodotto destinato al macello e al supermercato. Tutto questo deve cambiare e l&#8217;obiettivo \u00e8 duplice: &#8211; raggiungere lo \u201cstatus di rifugiato\u201d, animale cio\u00e8 fuori dal circuito dello sfruttamento umano &#8211; raggiungere il riconoscimento di \u201csantuario\u201d, luogo dove vivono animali liberi e salvi, al di fuori di ogni logica di sfruttamento. Dato che ogni controllo attuale \u00e8 solo ed esclusivamente a tutela dell&#8217;utilizzo alimentare, per chi \u00e8 escluso da questo circuito tutto questo deve terminare, come non esistono controlli simili per i cani, ad esempio, che pur soffrendo di malattie facilmente trasmissibili, non sono previsti abbattimenti, ne quarantene, ne altro drastico e brutale rimedio, tra l&#8217;altro inefficace.","og_url":"https:\/\/www.animaliliberi.org\/site\/gli-obiettivi-della-rete\/","og_site_name":"Rete dei Santuari di Animali Liberi in Italia","article_modified_time":"2021-05-12T14:57:19+00:00","og_image":[{"width":800,"height":533,"url":"https:\/\/www.animaliliberi.org\/site\/wp-content\/uploads\/2021\/05\/cavallo.jpg","type":"image\/jpeg"}],"twitter_misc":{"Tempo di lettura stimato":"2 minuti"},"schema":{"@context":"https:\/\/schema.org","@graph":[{"@type":"WebPage","@id":"https:\/\/www.animaliliberi.org\/site\/gli-obiettivi-della-rete\/","url":"https:\/\/www.animaliliberi.org\/site\/gli-obiettivi-della-rete\/","name":"Gli obiettivi - Rete dei Santuari di Animali Liberi in Italia","isPartOf":{"@id":"https:\/\/www.animaliliberi.org\/site\/#website"},"primaryImageOfPage":{"@id":"https:\/\/www.animaliliberi.org\/site\/gli-obiettivi-della-rete\/#primaryimage"},"image":{"@id":"https:\/\/www.animaliliberi.org\/site\/gli-obiettivi-della-rete\/#primaryimage"},"thumbnailUrl":"http:\/\/www.animaliliberi.org\/site\/wp-content\/uploads\/2021\/05\/cavallo.jpg","datePublished":"2014-10-24T08:41:42+00:00","dateModified":"2021-05-12T14:57:19+00:00","breadcrumb":{"@id":"https:\/\/www.animaliliberi.org\/site\/gli-obiettivi-della-rete\/#breadcrumb"},"inLanguage":"it-IT","potentialAction":[{"@type":"ReadAction","target":["https:\/\/www.animaliliberi.org\/site\/gli-obiettivi-della-rete\/"]}]},{"@type":"ImageObject","inLanguage":"it-IT","@id":"https:\/\/www.animaliliberi.org\/site\/gli-obiettivi-della-rete\/#primaryimage","url":"http:\/\/www.animaliliberi.org\/site\/wp-content\/uploads\/2021\/05\/cavallo.jpg","contentUrl":"http:\/\/www.animaliliberi.org\/site\/wp-content\/uploads\/2021\/05\/cavallo.jpg"},{"@type":"BreadcrumbList","@id":"https:\/\/www.animaliliberi.org\/site\/gli-obiettivi-della-rete\/#breadcrumb","itemListElement":[{"@type":"ListItem","position":1,"name":"Home","item":"https:\/\/www.animaliliberi.org\/site\/"},{"@type":"ListItem","position":2,"name":"Gli obiettivi"}]},{"@type":"WebSite","@id":"https:\/\/www.animaliliberi.org\/site\/#website","url":"https:\/\/www.animaliliberi.org\/site\/","name":"Rete dei Santuari di Animali Liberi in Italia","description":"","potentialAction":[{"@type":"SearchAction","target":{"@type":"EntryPoint","urlTemplate":"https:\/\/www.animaliliberi.org\/site\/?s={search_term_string}"},"query-input":{"@type":"PropertyValueSpecification","valueRequired":true,"valueName":"search_term_string"}}],"inLanguage":"it-IT"}]}},"_links":{"self":[{"href":"https:\/\/www.animaliliberi.org\/site\/wp-json\/wp\/v2\/pages\/21","targetHints":{"allow":["GET"]}}],"collection":[{"href":"https:\/\/www.animaliliberi.org\/site\/wp-json\/wp\/v2\/pages"}],"about":[{"href":"https:\/\/www.animaliliberi.org\/site\/wp-json\/wp\/v2\/types\/page"}],"author":[{"embeddable":true,"href":"https:\/\/www.animaliliberi.org\/site\/wp-json\/wp\/v2\/users\/1"}],"replies":[{"embeddable":true,"href":"https:\/\/www.animaliliberi.org\/site\/wp-json\/wp\/v2\/comments?post=21"}],"version-history":[{"count":3,"href":"https:\/\/www.animaliliberi.org\/site\/wp-json\/wp\/v2\/pages\/21\/revisions"}],"predecessor-version":[{"id":897,"href":"https:\/\/www.animaliliberi.org\/site\/wp-json\/wp\/v2\/pages\/21\/revisions\/897"}],"wp:attachment":[{"href":"https:\/\/www.animaliliberi.org\/site\/wp-json\/wp\/v2\/media?parent=21"}],"curies":[{"name":"wp","href":"https:\/\/api.w.org\/{rel}","templated":true}]}}