{"id":1321,"date":"2024-03-09T11:09:12","date_gmt":"2024-03-09T10:09:12","guid":{"rendered":"https:\/\/www.animaliliberi.org\/site\/?page_id=1321"},"modified":"2024-03-23T11:44:40","modified_gmt":"2024-03-23T10:44:40","slug":"5x1000","status":"publish","type":"page","link":"https:\/\/www.animaliliberi.org\/site\/5x1000\/","title":{"rendered":"5X1000"},"content":{"rendered":"<p>&nbsp;<\/p>\n<p><strong>I Santuari per Animali Liberi, per potersi sostenere, hanno bisogno del supporto delle persone.<\/strong><br \/>\nUn modo semplice e veloce per aiutare queste realt\u00e0 che danno una casa ad animali altrimenti destinati ad una vita di sfruttamento e morte, \u00e8 il <strong>5&#215;1000<\/strong>.<br \/>\nNella tua dichiarazione dei redditi puoi scegliere di destinarlo proprio ad uno di loro!<br \/>\nFarlo \u00e8 semplicissimo, ti baster\u00e0 barrare la casella \u201c SOSTEGNO DEL VOLONTARIATO E DELLE ALTRE ORGANIZZAZIONI<br \/>\nNON LUCRATIVE DI UTILITA&#8217; SOCIALE, DELLE ASSOCIAZIONI DI PROMOZIONE SOCIALE E DELLE ASSOCIAZIONI E FONDAZIONI RICONOSCIUTE\u201d ed inserire nell\u2019apposito spazio, il codice fiscale del Santuario che vuoi sostenere!<\/p>\n<p>In questo modo, una parte delle imposte IRPEF, verranno destinate a chi ne ha davvero tanto bisogno, gli animali!<\/p>\n<p>Se vuoi sostenere uno dei Santuari aderenti alla Rete, puoi trovare di seguito la lista dei santuari con relativi codici fiscali, manchi solo tu!<\/p>\n<p>Grazie \u2764\ufe0f<\/p>\n<hr \/>\n<p style=\"text-align: left;\">Alma Libre: 91054950463<br \/>\nCapra Libera Tutti: 94083710585<br \/>\nCasa di Versi e Voci: 91391330379<br \/>\nFattoria Capre e Cavoli: 93040290152<br \/>\nFattoria Irma: 92569720151<br \/>\nGli Amici di Nestore: 96066000066<br \/>\nL&#8217;Arca di Natalia: 90066600876<br \/>\nLa Capra Campa: 95242580165<br \/>\nLa fattoria di Nonno Peppino: 90041600710<br \/>\nLa Tana del Bianconiglio: 90029530525<br \/>\nNelloporcello: 90042280132<br \/>\nOasi Santa Giuliana: 96079160188<br \/>\nOhana Animal rescue family: 91046050489<br \/>\nPorcikomodi: 10734290157<br \/>\nProgetto Cuori Liberi: 96077890182<br \/>\nRifugio Chico Mendes: 94317170481<br \/>\nRifugio Futura: 91034140011<br \/>\nSantuario Palle di Lana: 94062240018<\/p>\n","protected":false},"excerpt":{"rendered":"<p>&nbsp; I Santuari per Animali Liberi, per potersi sostenere, hanno bisogno del supporto delle persone. Un modo semplice e veloce per aiutare queste realt\u00e0 che danno una casa ad animali altrimenti destinati ad una vita di sfruttamento e morte, \u00e8 il 5&#215;1000. Nella tua dichiarazione dei redditi puoi scegliere di destinarlo proprio ad uno di loro! Farlo \u00e8 semplicissimo, ti baster\u00e0 barrare la casella \u201c SOSTEGNO DEL VOLONTARIATO E DELLE ALTRE ORGANIZZAZIONI NON LUCRATIVE DI UTILITA&#8217; SOCIALE, DELLE ASSOCIAZIONI DI PROMOZIONE SOCIALE E DELLE ASSOCIAZIONI E FONDAZIONI RICONOSCIUTE\u201d ed inserire nell\u2019apposito spazio, il codice fiscale del Santuario che vuoi sostenere! In questo modo, una parte delle imposte IRPEF, verranno destinate a chi ne ha davvero tanto bisogno, gli animali! Se vuoi sostenere uno dei Santuari aderenti alla Rete, puoi trovare di seguito la lista dei santuari con relativi codici fiscali, manchi solo tu! Grazie \u2764\ufe0f Alma Libre: 91054950463 Capra Libera Tutti: 94083710585 Casa di Versi e Voci: 91391330379 Fattoria Capre e Cavoli: 93040290152 Fattoria Irma: 92569720151 Gli Amici di Nestore: 96066000066 L&#8217;Arca di Natalia: 90066600876 La Capra Campa: 95242580165 La fattoria di Nonno Peppino: 90041600710 La Tana del Bianconiglio: 90029530525 Nelloporcello: 90042280132 Oasi Santa Giuliana: 96079160188 Ohana Animal rescue family: 91046050489 Porcikomodi: 10734290157 Progetto Cuori Liberi: 96077890182 Rifugio Chico Mendes: 94317170481 Rifugio Futura: 91034140011 Santuario Palle di Lana: 94062240018<\/p>\n","protected":false},"author":1,"featured_media":1322,"parent":0,"menu_order":0,"comment_status":"closed","ping_status":"closed","template":"","meta":{"footnotes":""},"class_list":["post-1321","page","type-page","status-publish","has-post-thumbnail","hentry"],"yoast_head":"<!-- This site is optimized with the Yoast SEO plugin v27.4 - https:\/\/yoast.com\/product\/yoast-seo-wordpress\/ -->\n<title>5X1000 - Rete dei Santuari di Animali Liberi in Italia<\/title>\n<meta name=\"description\" content=\"I Santuari per Animali Liberi, per potersi sostenere, hanno bisogno del supporto delle persone.Un modo semplice e veloce per aiutare queste realt\u00e0 che danno una casa ad animali altrimenti destinati ad una vita di sfruttamento e morte, \u00e8 il 5x1000.\" \/>\n<meta name=\"robots\" content=\"index, follow, max-snippet:-1, max-image-preview:large, max-video-preview:-1\" \/>\n<link rel=\"canonical\" href=\"https:\/\/www.animaliliberi.org\/site\/5x1000\/\" \/>\n<meta property=\"og:locale\" content=\"it_IT\" \/>\n<meta property=\"og:type\" content=\"article\" \/>\n<meta property=\"og:title\" content=\"5X1000 - Rete dei Santuari di Animali Liberi in Italia\" \/>\n<meta property=\"og:description\" content=\"I Santuari per Animali Liberi, per potersi sostenere, hanno bisogno del supporto delle persone.Un modo semplice e veloce per aiutare queste realt\u00e0 che danno una casa ad animali altrimenti destinati ad una vita di sfruttamento e morte, \u00e8 il 5x1000.\" \/>\n<meta property=\"og:url\" content=\"https:\/\/www.animaliliberi.org\/site\/5x1000\/\" \/>\n<meta property=\"og:site_name\" content=\"Rete dei Santuari di Animali Liberi in Italia\" \/>\n<meta property=\"article:modified_time\" content=\"2024-03-23T10:44:40+00:00\" \/>\n<meta property=\"og:image\" content=\"https:\/\/www.animaliliberi.org\/site\/wp-content\/uploads\/2024\/03\/5x1000.jpg\" \/>\n\t<meta property=\"og:image:width\" content=\"1080\" \/>\n\t<meta property=\"og:image:height\" content=\"1080\" \/>\n\t<meta property=\"og:image:type\" content=\"image\/jpeg\" \/>\n<meta name=\"twitter:label1\" content=\"Tempo di lettura stimato\" \/>\n\t<meta name=\"twitter:data1\" content=\"2 minuti\" \/>\n<script type=\"application\/ld+json\" class=\"yoast-schema-graph\">{\"@context\":\"https:\\\/\\\/schema.org\",\"@graph\":[{\"@type\":\"WebPage\",\"@id\":\"https:\\\/\\\/www.animaliliberi.org\\\/site\\\/5x1000\\\/\",\"url\":\"https:\\\/\\\/www.animaliliberi.org\\\/site\\\/5x1000\\\/\",\"name\":\"5X1000 - Rete dei Santuari di Animali Liberi in Italia\",\"isPartOf\":{\"@id\":\"https:\\\/\\\/www.animaliliberi.org\\\/site\\\/#website\"},\"primaryImageOfPage\":{\"@id\":\"https:\\\/\\\/www.animaliliberi.org\\\/site\\\/5x1000\\\/#primaryimage\"},\"image\":{\"@id\":\"https:\\\/\\\/www.animaliliberi.org\\\/site\\\/5x1000\\\/#primaryimage\"},\"thumbnailUrl\":\"https:\\\/\\\/www.animaliliberi.org\\\/site\\\/wp-content\\\/uploads\\\/2024\\\/03\\\/5x1000.jpg\",\"datePublished\":\"2024-03-09T10:09:12+00:00\",\"dateModified\":\"2024-03-23T10:44:40+00:00\",\"description\":\"I Santuari per Animali Liberi, per potersi sostenere, hanno bisogno del supporto delle persone.Un modo semplice e veloce per aiutare queste realt\u00e0 che danno una casa ad animali altrimenti destinati ad una vita di sfruttamento e morte, \u00e8 il 5x1000.\",\"breadcrumb\":{\"@id\":\"https:\\\/\\\/www.animaliliberi.org\\\/site\\\/5x1000\\\/#breadcrumb\"},\"inLanguage\":\"it-IT\",\"potentialAction\":[{\"@type\":\"ReadAction\",\"target\":[\"https:\\\/\\\/www.animaliliberi.org\\\/site\\\/5x1000\\\/\"]}]},{\"@type\":\"ImageObject\",\"inLanguage\":\"it-IT\",\"@id\":\"https:\\\/\\\/www.animaliliberi.org\\\/site\\\/5x1000\\\/#primaryimage\",\"url\":\"https:\\\/\\\/www.animaliliberi.org\\\/site\\\/wp-content\\\/uploads\\\/2024\\\/03\\\/5x1000.jpg\",\"contentUrl\":\"https:\\\/\\\/www.animaliliberi.org\\\/site\\\/wp-content\\\/uploads\\\/2024\\\/03\\\/5x1000.jpg\",\"width\":1080,\"height\":1080,\"caption\":\"5X1000\"},{\"@type\":\"BreadcrumbList\",\"@id\":\"https:\\\/\\\/www.animaliliberi.org\\\/site\\\/5x1000\\\/#breadcrumb\",\"itemListElement\":[{\"@type\":\"ListItem\",\"position\":1,\"name\":\"Home\",\"item\":\"https:\\\/\\\/www.animaliliberi.org\\\/site\\\/\"},{\"@type\":\"ListItem\",\"position\":2,\"name\":\"5X1000\"}]},{\"@type\":\"WebSite\",\"@id\":\"https:\\\/\\\/www.animaliliberi.org\\\/site\\\/#website\",\"url\":\"https:\\\/\\\/www.animaliliberi.org\\\/site\\\/\",\"name\":\"Rete dei Santuari di Animali Liberi in Italia\",\"description\":\"\",\"potentialAction\":[{\"@type\":\"SearchAction\",\"target\":{\"@type\":\"EntryPoint\",\"urlTemplate\":\"https:\\\/\\\/www.animaliliberi.org\\\/site\\\/?s={search_term_string}\"},\"query-input\":{\"@type\":\"PropertyValueSpecification\",\"valueRequired\":true,\"valueName\":\"search_term_string\"}}],\"inLanguage\":\"it-IT\"}]}<\/script>\n<!-- \/ Yoast SEO plugin. -->","yoast_head_json":{"title":"5X1000 - Rete dei Santuari di Animali Liberi in Italia","description":"I Santuari per Animali Liberi, per potersi sostenere, hanno bisogno del supporto delle persone.Un modo semplice e veloce per aiutare queste realt\u00e0 che danno una casa ad animali altrimenti destinati ad una vita di sfruttamento e morte, \u00e8 il 5x1000.","robots":{"index":"index","follow":"follow","max-snippet":"max-snippet:-1","max-image-preview":"max-image-preview:large","max-video-preview":"max-video-preview:-1"},"canonical":"https:\/\/www.animaliliberi.org\/site\/5x1000\/","og_locale":"it_IT","og_type":"article","og_title":"5X1000 - Rete dei Santuari di Animali Liberi in Italia","og_description":"I Santuari per Animali Liberi, per potersi sostenere, hanno bisogno del supporto delle persone.Un modo semplice e veloce per aiutare queste realt\u00e0 che danno una casa ad animali altrimenti destinati ad una vita di sfruttamento e morte, \u00e8 il 5x1000.","og_url":"https:\/\/www.animaliliberi.org\/site\/5x1000\/","og_site_name":"Rete dei Santuari di Animali Liberi in Italia","article_modified_time":"2024-03-23T10:44:40+00:00","og_image":[{"width":1080,"height":1080,"url":"https:\/\/www.animaliliberi.org\/site\/wp-content\/uploads\/2024\/03\/5x1000.jpg","type":"image\/jpeg"}],"twitter_misc":{"Tempo di lettura stimato":"2 minuti"},"schema":{"@context":"https:\/\/schema.org","@graph":[{"@type":"WebPage","@id":"https:\/\/www.animaliliberi.org\/site\/5x1000\/","url":"https:\/\/www.animaliliberi.org\/site\/5x1000\/","name":"5X1000 - Rete dei Santuari di Animali Liberi in Italia","isPartOf":{"@id":"https:\/\/www.animaliliberi.org\/site\/#website"},"primaryImageOfPage":{"@id":"https:\/\/www.animaliliberi.org\/site\/5x1000\/#primaryimage"},"image":{"@id":"https:\/\/www.animaliliberi.org\/site\/5x1000\/#primaryimage"},"thumbnailUrl":"https:\/\/www.animaliliberi.org\/site\/wp-content\/uploads\/2024\/03\/5x1000.jpg","datePublished":"2024-03-09T10:09:12+00:00","dateModified":"2024-03-23T10:44:40+00:00","description":"I Santuari per Animali Liberi, per potersi sostenere, hanno bisogno del supporto delle persone.Un modo semplice e veloce per aiutare queste realt\u00e0 che danno una casa ad animali altrimenti destinati ad una vita di sfruttamento e morte, \u00e8 il 5x1000.","breadcrumb":{"@id":"https:\/\/www.animaliliberi.org\/site\/5x1000\/#breadcrumb"},"inLanguage":"it-IT","potentialAction":[{"@type":"ReadAction","target":["https:\/\/www.animaliliberi.org\/site\/5x1000\/"]}]},{"@type":"ImageObject","inLanguage":"it-IT","@id":"https:\/\/www.animaliliberi.org\/site\/5x1000\/#primaryimage","url":"https:\/\/www.animaliliberi.org\/site\/wp-content\/uploads\/2024\/03\/5x1000.jpg","contentUrl":"https:\/\/www.animaliliberi.org\/site\/wp-content\/uploads\/2024\/03\/5x1000.jpg","width":1080,"height":1080,"caption":"5X1000"},{"@type":"BreadcrumbList","@id":"https:\/\/www.animaliliberi.org\/site\/5x1000\/#breadcrumb","itemListElement":[{"@type":"ListItem","position":1,"name":"Home","item":"https:\/\/www.animaliliberi.org\/site\/"},{"@type":"ListItem","position":2,"name":"5X1000"}]},{"@type":"WebSite","@id":"https:\/\/www.animaliliberi.org\/site\/#website","url":"https:\/\/www.animaliliberi.org\/site\/","name":"Rete dei Santuari di Animali Liberi in Italia","description":"","potentialAction":[{"@type":"SearchAction","target":{"@type":"EntryPoint","urlTemplate":"https:\/\/www.animaliliberi.org\/site\/?s={search_term_string}"},"query-input":{"@type":"PropertyValueSpecification","valueRequired":true,"valueName":"search_term_string"}}],"inLanguage":"it-IT"}]}},"_links":{"self":[{"href":"https:\/\/www.animaliliberi.org\/site\/wp-json\/wp\/v2\/pages\/1321","targetHints":{"allow":["GET"]}}],"collection":[{"href":"https:\/\/www.animaliliberi.org\/site\/wp-json\/wp\/v2\/pages"}],"about":[{"href":"https:\/\/www.animaliliberi.org\/site\/wp-json\/wp\/v2\/types\/page"}],"author":[{"embeddable":true,"href":"https:\/\/www.animaliliberi.org\/site\/wp-json\/wp\/v2\/users\/1"}],"replies":[{"embeddable":true,"href":"https:\/\/www.animaliliberi.org\/site\/wp-json\/wp\/v2\/comments?post=1321"}],"version-history":[{"count":9,"href":"https:\/\/www.animaliliberi.org\/site\/wp-json\/wp\/v2\/pages\/1321\/revisions"}],"predecessor-version":[{"id":1334,"href":"https:\/\/www.animaliliberi.org\/site\/wp-json\/wp\/v2\/pages\/1321\/revisions\/1334"}],"wp:featuredmedia":[{"embeddable":true,"href":"https:\/\/www.animaliliberi.org\/site\/wp-json\/wp\/v2\/media\/1322"}],"wp:attachment":[{"href":"https:\/\/www.animaliliberi.org\/site\/wp-json\/wp\/v2\/media?parent=1321"}],"curies":[{"name":"wp","href":"https:\/\/api.w.org\/{rel}","templated":true}]}}